{"id":1892,"date":"2016-07-21T23:25:44","date_gmt":"2016-07-21T23:25:44","guid":{"rendered":"https:\/\/lifeseguridad.com\/request-quote\/"},"modified":"2023-03-15T19:52:19","modified_gmt":"2023-03-16T00:52:19","slug":"solicitud-de-cotizacion","status":"publish","type":"page","link":"https:\/\/lifeseguridad.com\/?page_id=1892","title":{"rendered":"SOLICITUD DE COTIZACI\u00d3N"},"content":{"rendered":"<p>Estimado Cliente<\/p>\n<p>Seleccione los productos que desee cotizar, ingrese sus datos, finalmente haga click en \u00abEnviar tu Solicitud\u00bb, nuestros Ejecutivos Comerciales se contactaran a la brevedad posible, recuerde dejar un numero de contacto<\/p>\n<p>Muchas gracias<\/p>\n\n<div class=\"woocommerce ywraq-wrapper ywraq-empty\">\n\t\t\t<div id=\"yith-ywraq-message\"><div class=\"ywraq-question-message\">\n\t<\/div>\n<\/div>\n\t\t\n\t\t\t\t<div class=\"ywraq-form-table-wrapper vertical\">\n\t\t\t<div class=\"ywraq-before-form\">\n\t<p class=\"ywraq_list_empty_message\">Tu lista est\u00e1 vac\u00eda, a\u00f1ade productos a la lista para enviar una solicitud<p><p class=\"return-to-shop\"><a class=\"button wc-backward\" href=\"https:\/\/lifeseguridad.com\/\">Volver a la tienda<\/a><\/p><\/div>\n\t\t\t\t\t<\/div>\n\t<\/div>\n\n<p>(*) Campos obligatorios<\/p>\n","protected":false},"excerpt":{"rendered":"<p>Estimado Cliente Seleccione los productos que desee cotizar, ingrese sus datos, finalmente haga click en \u00abEnviar tu Solicitud\u00bb, nuestros Ejecutivos<\/p>\n","protected":false},"author":1,"featured_media":0,"parent":0,"menu_order":0,"comment_status":"closed","ping_status":"closed","template":"","meta":{"inline_featured_image":false,"footnotes":""},"class_list":["post-1892","page","type-page","status-publish","hentry"],"aioseo_notices":[],"_links":{"self":[{"href":"https:\/\/lifeseguridad.com\/index.php?rest_route=\/wp\/v2\/pages\/1892","targetHints":{"allow":["GET"]}}],"collection":[{"href":"https:\/\/lifeseguridad.com\/index.php?rest_route=\/wp\/v2\/pages"}],"about":[{"href":"https:\/\/lifeseguridad.com\/index.php?rest_route=\/wp\/v2\/types\/page"}],"author":[{"embeddable":true,"href":"https:\/\/lifeseguridad.com\/index.php?rest_route=\/wp\/v2\/users\/1"}],"replies":[{"embeddable":true,"href":"https:\/\/lifeseguridad.com\/index.php?rest_route=%2Fwp%2Fv2%2Fcomments&post=1892"}],"version-history":[{"count":3,"href":"https:\/\/lifeseguridad.com\/index.php?rest_route=\/wp\/v2\/pages\/1892\/revisions"}],"predecessor-version":[{"id":6192,"href":"https:\/\/lifeseguridad.com\/index.php?rest_route=\/wp\/v2\/pages\/1892\/revisions\/6192"}],"wp:attachment":[{"href":"https:\/\/lifeseguridad.com\/index.php?rest_route=%2Fwp%2Fv2%2Fmedia&parent=1892"}],"curies":[{"name":"wp","href":"https:\/\/api.w.org\/{rel}","templated":true}]}}