{"id":3682,"date":"2016-09-07T17:53:59","date_gmt":"2016-09-07T22:53:59","guid":{"rendered":"https:\/\/lifeseguridad.com\/producto\/4099-9004-estacion-manual-simple-accion-4099-9004\/"},"modified":"2023-08-09T17:20:42","modified_gmt":"2023-08-09T22:20:42","slug":"4099-9004-estacion-manual-simple-accion-4099-9004","status":"publish","type":"product","link":"https:\/\/lifeseguridad.com\/?product=4099-9004-estacion-manual-simple-accion-4099-9004","title":{"rendered":"4099-9004 Estaci\u00f3n Manual Simple acci\u00f3n 4099-9004"},"content":{"rendered":"<h2>Estaci\u00f3n Manual Simple acci\u00f3n 4099-9004<\/h2>\n<p> Listado UL, ULC, CSFM y aprobado por FM.<br \/>\n Alimentaci\u00f3n el\u00e9ctrica y datos suministrados v\u00eda comunicaci\u00f3n IDNet de dos cables.<br \/>\n Requiere uso de llave para restablecer la estaci\u00f3n.<br \/>\n Varilla de accionamiento suministrada (su uso es opcional).<br \/>\n Carcasa y palanca de policarbonato Lexan.<br \/>\n Compatible con paneles 4007ES, 4008, 4010, 4010ES, 4100U, 4100ES.<\/p>\n","protected":false},"excerpt":{"rendered":"<p>Estaci\u00f3n Manual Simple acci\u00f3n 4099-9004<\/p>\n<p><a class=\"ficha\" href=\"https:\/\/lifeseguridad.com\/ficha-tecnica\/s4099-0005.pdf\" target=\"_blank\" rel=\"noopener\"><i class=\"iconoficha\"><\/i> FICHA T\u00c9CNICA<\/a><\/p>\n","protected":false},"featured_media":5905,"comment_status":"open","ping_status":"closed","template":"","meta":{"inline_featured_image":false},"product_brand":[],"product_cat":[192],"product_tag":[177],"class_list":{"0":"post-3682","1":"product","2":"type-product","3":"status-publish","4":"has-post-thumbnail","6":"product_cat-estacion-manual","7":"product_tag-simplex","9":"first","10":"instock","11":"taxable","12":"shipping-taxable","13":"product-type-simple"},"aioseo_notices":[],"_links":{"self":[{"href":"https:\/\/lifeseguridad.com\/index.php?rest_route=\/wp\/v2\/product\/3682","targetHints":{"allow":["GET"]}}],"collection":[{"href":"https:\/\/lifeseguridad.com\/index.php?rest_route=\/wp\/v2\/product"}],"about":[{"href":"https:\/\/lifeseguridad.com\/index.php?rest_route=\/wp\/v2\/types\/product"}],"replies":[{"embeddable":true,"href":"https:\/\/lifeseguridad.com\/index.php?rest_route=%2Fwp%2Fv2%2Fcomments&post=3682"}],"wp:featuredmedia":[{"embeddable":true,"href":"https:\/\/lifeseguridad.com\/index.php?rest_route=\/wp\/v2\/media\/5905"}],"wp:attachment":[{"href":"https:\/\/lifeseguridad.com\/index.php?rest_route=%2Fwp%2Fv2%2Fmedia&parent=3682"}],"wp:term":[{"taxonomy":"product_brand","embeddable":true,"href":"https:\/\/lifeseguridad.com\/index.php?rest_route=%2Fwp%2Fv2%2Fproduct_brand&post=3682"},{"taxonomy":"product_cat","embeddable":true,"href":"https:\/\/lifeseguridad.com\/index.php?rest_route=%2Fwp%2Fv2%2Fproduct_cat&post=3682"},{"taxonomy":"product_tag","embeddable":true,"href":"https:\/\/lifeseguridad.com\/index.php?rest_route=%2Fwp%2Fv2%2Fproduct_tag&post=3682"}],"curies":[{"name":"wp","href":"https:\/\/api.w.org\/{rel}","templated":true}]}}