{"id":3699,"date":"2016-09-07T17:54:04","date_gmt":"2016-09-07T22:54:04","guid":{"rendered":"https:\/\/lifeseguridad.com\/producto\/4090-9116-modulo-aislador-de-lazo-idnet-4090-9116\/"},"modified":"2023-08-09T17:20:42","modified_gmt":"2023-08-09T22:20:42","slug":"4090-9116-modulo-aislador-de-lazo-idnet-4090-9116","status":"publish","type":"product","link":"https:\/\/lifeseguridad.com\/?product=4090-9116-modulo-aislador-de-lazo-idnet-4090-9116","title":{"rendered":"4090-9116 M\u00f3dulo aislador de lazo IDNet 4090-9116"},"content":{"rendered":"<h2>M\u00f3dulo aislador de lazo IDNet 4090-9116<\/h2>\n<p> Listado UL, ULC, CSFM y aprobado por FM.<br \/>\n Conexiones de entrada\/salida aisladas ante corto circuito.<br \/>\n Alimentaci\u00f3n el\u00e9ctrica y datos suministrados v\u00eda comunicaci\u00f3n IDNet de dos cables.<br \/>\n LED indicador de estado.<br \/>\n Compatible con paneles 4007ES, 4008, 4010ES, 4100U, 4100ES.<br \/>\n En paneles 4010 se utilizan bases aisladoras 4098-9793.<\/p>\n","protected":false},"excerpt":{"rendered":"<p>M\u00f3dulo aislador de lazo IDNet 4090-9116<\/p>\n<p><a class=\"ficha\" href=\"https:\/\/lifeseguridad.com\/ficha-tecnica\/4090-0005.pdf\" target=\"_blank\" rel=\"noopener\"><i class=\"iconoficha\"><\/i> FICHA T\u00c9CNICA<\/a><\/p>\n","protected":false},"featured_media":6124,"comment_status":"open","ping_status":"closed","template":"","meta":{"inline_featured_image":false},"product_brand":[],"product_cat":[200],"product_tag":[177],"class_list":{"0":"post-3699","1":"product","2":"type-product","3":"status-publish","4":"has-post-thumbnail","6":"product_cat-modulos","7":"product_tag-simplex","9":"first","10":"instock","11":"taxable","12":"shipping-taxable","13":"product-type-simple"},"aioseo_notices":[],"_links":{"self":[{"href":"https:\/\/lifeseguridad.com\/index.php?rest_route=\/wp\/v2\/product\/3699","targetHints":{"allow":["GET"]}}],"collection":[{"href":"https:\/\/lifeseguridad.com\/index.php?rest_route=\/wp\/v2\/product"}],"about":[{"href":"https:\/\/lifeseguridad.com\/index.php?rest_route=\/wp\/v2\/types\/product"}],"replies":[{"embeddable":true,"href":"https:\/\/lifeseguridad.com\/index.php?rest_route=%2Fwp%2Fv2%2Fcomments&post=3699"}],"wp:featuredmedia":[{"embeddable":true,"href":"https:\/\/lifeseguridad.com\/index.php?rest_route=\/wp\/v2\/media\/6124"}],"wp:attachment":[{"href":"https:\/\/lifeseguridad.com\/index.php?rest_route=%2Fwp%2Fv2%2Fmedia&parent=3699"}],"wp:term":[{"taxonomy":"product_brand","embeddable":true,"href":"https:\/\/lifeseguridad.com\/index.php?rest_route=%2Fwp%2Fv2%2Fproduct_brand&post=3699"},{"taxonomy":"product_cat","embeddable":true,"href":"https:\/\/lifeseguridad.com\/index.php?rest_route=%2Fwp%2Fv2%2Fproduct_cat&post=3699"},{"taxonomy":"product_tag","embeddable":true,"href":"https:\/\/lifeseguridad.com\/index.php?rest_route=%2Fwp%2Fv2%2Fproduct_tag&post=3699"}],"curies":[{"name":"wp","href":"https:\/\/api.w.org\/{rel}","templated":true}]}}