{"id":3715,"date":"2016-09-07T17:54:05","date_gmt":"2016-09-07T22:54:05","guid":{"rendered":"https:\/\/lifeseguridad.com\/producto\/2099-9139-estacion-manual-metalica-de-doble-accion-2099-9139\/"},"modified":"2023-08-09T17:20:43","modified_gmt":"2023-08-09T22:20:43","slug":"2099-9139-estacion-manual-metalica-de-doble-accion-2099-9139","status":"publish","type":"product","link":"https:\/\/lifeseguridad.com\/?product=2099-9139-estacion-manual-metalica-de-doble-accion-2099-9139","title":{"rendered":"2099-9139 Estaci\u00f3n manual met\u00e1lica de doble acci\u00f3n 2099-9139"},"content":{"rendered":"<h2>Estaci\u00f3n manual met\u00e1lica de doble acci\u00f3n 2099-9139<\/h2>\n<p> Listado UL, ULC, CSFM y aprobado por FM.<br \/>\n Requiere uso de llave para restablecer la estaci\u00f3n.<br \/>\n Requiere que se jale hacia atr\u00e1s una placa de interferencia retr\u00e1ctil para acceder a la palanca.<br \/>\n Varilla de accionamiento suministrada (su uso es opcional).<br \/>\n Carcasa de metal fundido altamente resistente.<br \/>\n Compatible con panel 4004R, 4006, 4007ES H\u00edbrido y m\u00f3dulo 4090-9001 &#038; -9101.<\/p>\n","protected":false},"excerpt":{"rendered":"<p>Estaci\u00f3n manual met\u00e1lica de doble acci\u00f3n 2099-9139<\/p>\n<p><a class=\"ficha\" href=\"https:\/\/lifeseguridad.com\/ficha-tecnica\/2099-0009.pdf\" target=\"_blank\" rel=\"noopener\"><i class=\"iconoficha\"><\/i> FICHA T\u00c9CNICA<\/a><\/p>\n","protected":false},"featured_media":5909,"comment_status":"open","ping_status":"closed","template":"","meta":{"inline_featured_image":false},"product_brand":[],"product_cat":[192],"product_tag":[177],"class_list":{"0":"post-3715","1":"product","2":"type-product","3":"status-publish","4":"has-post-thumbnail","6":"product_cat-estacion-manual","7":"product_tag-simplex","9":"first","10":"instock","11":"taxable","12":"shipping-taxable","13":"product-type-simple"},"aioseo_notices":[],"_links":{"self":[{"href":"https:\/\/lifeseguridad.com\/index.php?rest_route=\/wp\/v2\/product\/3715","targetHints":{"allow":["GET"]}}],"collection":[{"href":"https:\/\/lifeseguridad.com\/index.php?rest_route=\/wp\/v2\/product"}],"about":[{"href":"https:\/\/lifeseguridad.com\/index.php?rest_route=\/wp\/v2\/types\/product"}],"replies":[{"embeddable":true,"href":"https:\/\/lifeseguridad.com\/index.php?rest_route=%2Fwp%2Fv2%2Fcomments&post=3715"}],"wp:featuredmedia":[{"embeddable":true,"href":"https:\/\/lifeseguridad.com\/index.php?rest_route=\/wp\/v2\/media\/5909"}],"wp:attachment":[{"href":"https:\/\/lifeseguridad.com\/index.php?rest_route=%2Fwp%2Fv2%2Fmedia&parent=3715"}],"wp:term":[{"taxonomy":"product_brand","embeddable":true,"href":"https:\/\/lifeseguridad.com\/index.php?rest_route=%2Fwp%2Fv2%2Fproduct_brand&post=3715"},{"taxonomy":"product_cat","embeddable":true,"href":"https:\/\/lifeseguridad.com\/index.php?rest_route=%2Fwp%2Fv2%2Fproduct_cat&post=3715"},{"taxonomy":"product_tag","embeddable":true,"href":"https:\/\/lifeseguridad.com\/index.php?rest_route=%2Fwp%2Fv2%2Fproduct_tag&post=3715"}],"curies":[{"name":"wp","href":"https:\/\/api.w.org\/{rel}","templated":true}]}}