{"id":3773,"date":"2016-09-07T17:54:13","date_gmt":"2016-09-07T22:54:13","guid":{"rendered":"https:\/\/lifeseguridad.com\/producto\/4907-9001-pantalla-led-para-mensajes-de-texto-4907-9001\/"},"modified":"2023-08-09T17:20:45","modified_gmt":"2023-08-09T22:20:45","slug":"4907-9001-pantalla-led-para-mensajes-de-texto-4907-9001","status":"publish","type":"product","link":"https:\/\/lifeseguridad.com\/?product=4907-9001-pantalla-led-para-mensajes-de-texto-4907-9001","title":{"rendered":"4907-9001 Pantalla Led para Mensajes de Texto 4907-9001"},"content":{"rendered":"<h2>Pantalla Led para Mensajes de Texto 4907-9001<\/h2>\n<p> Listado UL, ULC, CSFM.<br \/>\n Soluci\u00f3n ideal para ambientes con niveles de ruido significantes.<br \/>\n Hasta 32 mensajes de texto personalizables (10 pre-grabados).<br \/>\n LEDs multicolor (rojo\/amarillo\/verde) para enfatizar mensaje.<br \/>\n Mensajes est\u00e1ticos, parpadeantes \u00f3 con desplazamiento de una \u00f3 dos l\u00edneas<br \/>\n \u00c1rea visible de 730 mm x 120 mm.<br \/>\n Protocolo de comunicaciones IDNet.<br \/>\n Alimentaci\u00f3n 24VDC proporcionada y supervisada por el panel.<br \/>\n Compatible con paneles 4010, 4010ES, 4100U\/ES.<\/p>\n","protected":false},"excerpt":{"rendered":"<p>Pantalla Led para Mensajes de Texto 4907-9001<\/p>\n<p><a class=\"ficha\" href=\"https:\/\/lifeseguridad.com\/ficha-tecnica\/4907-0001.pdf\" target=\"_blank\" rel=\"noopener\"><i class=\"iconoficha\"><\/i> FICHA T\u00c9CNICA<\/a><\/p>\n","protected":false},"featured_media":5974,"comment_status":"open","ping_status":"closed","template":"","meta":{"inline_featured_image":false},"product_brand":[],"product_cat":[186],"product_tag":[177],"class_list":{"0":"post-3773","1":"product","2":"type-product","3":"status-publish","4":"has-post-thumbnail","6":"product_cat-anunciador-remoto","7":"product_tag-simplex","9":"first","10":"instock","11":"taxable","12":"shipping-taxable","13":"product-type-simple"},"aioseo_notices":[],"_links":{"self":[{"href":"https:\/\/lifeseguridad.com\/index.php?rest_route=\/wp\/v2\/product\/3773","targetHints":{"allow":["GET"]}}],"collection":[{"href":"https:\/\/lifeseguridad.com\/index.php?rest_route=\/wp\/v2\/product"}],"about":[{"href":"https:\/\/lifeseguridad.com\/index.php?rest_route=\/wp\/v2\/types\/product"}],"replies":[{"embeddable":true,"href":"https:\/\/lifeseguridad.com\/index.php?rest_route=%2Fwp%2Fv2%2Fcomments&post=3773"}],"wp:featuredmedia":[{"embeddable":true,"href":"https:\/\/lifeseguridad.com\/index.php?rest_route=\/wp\/v2\/media\/5974"}],"wp:attachment":[{"href":"https:\/\/lifeseguridad.com\/index.php?rest_route=%2Fwp%2Fv2%2Fmedia&parent=3773"}],"wp:term":[{"taxonomy":"product_brand","embeddable":true,"href":"https:\/\/lifeseguridad.com\/index.php?rest_route=%2Fwp%2Fv2%2Fproduct_brand&post=3773"},{"taxonomy":"product_cat","embeddable":true,"href":"https:\/\/lifeseguridad.com\/index.php?rest_route=%2Fwp%2Fv2%2Fproduct_cat&post=3773"},{"taxonomy":"product_tag","embeddable":true,"href":"https:\/\/lifeseguridad.com\/index.php?rest_route=%2Fwp%2Fv2%2Fproduct_tag&post=3773"}],"curies":[{"name":"wp","href":"https:\/\/api.w.org\/{rel}","templated":true}]}}