{"id":3839,"date":"2016-09-07T17:54:19","date_gmt":"2016-09-07T22:54:19","guid":{"rendered":"https:\/\/lifeseguridad.com\/producto\/fpd-7024-central-de-incendio-convencional-direccionable-4-zonas-bosch-fpd7024\/"},"modified":"2023-08-09T17:20:48","modified_gmt":"2023-08-09T22:20:48","slug":"fpd-7024-central-de-incendio-convencional-direccionable-4-zonas-bosch-fpd7024","status":"publish","type":"product","link":"https:\/\/lifeseguridad.com\/?product=fpd-7024-central-de-incendio-convencional-direccionable-4-zonas-bosch-fpd7024","title":{"rendered":"FPD-7024 Central de Incendio Direccionable 247 zonas BOSCH"},"content":{"rendered":"<h2>Central de Incendio Direccionable 247\u00a0zonas BOSCH FPD7024<\/h2>\n<p>247 zonas direccionables\u00a0con el\u00a0M\u00f3dulo de Expansi\u00f3n D7039 y cuatro zonas de detecci\u00f3n convencional (expansibles a ocho con FPC7034) donde se pueden instalar hasta 20 detectores de humo de 2 hilos por zona convencional.<br \/>\nEOL 2.21K , 2 NACS max. 4 A, \u03a9 3 reles programables.<br \/>\nAcepta hasta 4 teclados FMR 7033.<br \/>\nComunicador de 2 l\u00edneas.<\/p>\n","protected":false},"excerpt":{"rendered":"<p>Central de Incendio Convencional Direccionable 4 zonas BOSCH FPD7024<\/p>\n<p><a class=\"ficha\" href=\"https:\/\/lifeseguridad.com\/ficha-tecnica\/fpd-7024-fpd-7024.pdf\" target=\"_blank\" rel=\"noopener\"><i class=\"iconoficha\"><\/i> FICHA T\u00c9CNICA<\/a><\/p>\n","protected":false},"featured_media":5953,"comment_status":"open","ping_status":"closed","template":"","meta":{"inline_featured_image":false},"product_brand":[],"product_cat":[299,184],"product_tag":[153],"class_list":{"0":"post-3839","1":"product","2":"type-product","3":"status-publish","4":"has-post-thumbnail","6":"product_cat-panel-contra-incendio","7":"product_cat-sistema-contra-incendio","8":"product_tag-bosch","9":"yith_product_brand-bosch","11":"first","12":"instock","13":"taxable","14":"shipping-taxable","15":"product-type-simple"},"aioseo_notices":[],"_links":{"self":[{"href":"https:\/\/lifeseguridad.com\/index.php?rest_route=\/wp\/v2\/product\/3839","targetHints":{"allow":["GET"]}}],"collection":[{"href":"https:\/\/lifeseguridad.com\/index.php?rest_route=\/wp\/v2\/product"}],"about":[{"href":"https:\/\/lifeseguridad.com\/index.php?rest_route=\/wp\/v2\/types\/product"}],"replies":[{"embeddable":true,"href":"https:\/\/lifeseguridad.com\/index.php?rest_route=%2Fwp%2Fv2%2Fcomments&post=3839"}],"wp:featuredmedia":[{"embeddable":true,"href":"https:\/\/lifeseguridad.com\/index.php?rest_route=\/wp\/v2\/media\/5953"}],"wp:attachment":[{"href":"https:\/\/lifeseguridad.com\/index.php?rest_route=%2Fwp%2Fv2%2Fmedia&parent=3839"}],"wp:term":[{"taxonomy":"product_brand","embeddable":true,"href":"https:\/\/lifeseguridad.com\/index.php?rest_route=%2Fwp%2Fv2%2Fproduct_brand&post=3839"},{"taxonomy":"product_cat","embeddable":true,"href":"https:\/\/lifeseguridad.com\/index.php?rest_route=%2Fwp%2Fv2%2Fproduct_cat&post=3839"},{"taxonomy":"product_tag","embeddable":true,"href":"https:\/\/lifeseguridad.com\/index.php?rest_route=%2Fwp%2Fv2%2Fproduct_tag&post=3839"}],"curies":[{"name":"wp","href":"https:\/\/api.w.org\/{rel}","templated":true}]}}