{"id":3968,"date":"2016-09-07T17:54:41","date_gmt":"2016-09-07T22:54:41","guid":{"rendered":"https:\/\/lifeseguridad.com\/producto\/mrts-kapr-indicador-remoto-para-detector-de-ducto\/"},"modified":"2023-08-09T17:20:53","modified_gmt":"2023-08-09T22:20:53","slug":"mrts-kapr-indicador-remoto-para-detector-de-ducto","status":"publish","type":"product","link":"https:\/\/lifeseguridad.com\/?product=mrts-kapr-indicador-remoto-para-detector-de-ducto","title":{"rendered":"MRTS-KAPR Indicador Remoto para Detector de Ducto"},"content":{"rendered":"<h2>Indicador Remoto para Detector de Ducto<\/h2>\n<p> Est\u00e1 dise\u00f1ados para ser utilizados con detectores de humos de ductos de MIRCOM para proporcionar una indicaci\u00f3n visual, as\u00ed como funciones de prueba \/ reinicio remoto. Estos dispositivos se construyen de atractivo, duradero acero inoxidable y montaje de cepillado en un solo caja de montaje el\u00e9ctrico est\u00e1ndar.<\/p>\n<p> Proporciona indicador visual de Alarma<br \/>\n Permite hacer funci\u00f3n de TEST\/RESET al Detector.<\/p>\n","protected":false},"excerpt":{"rendered":"<p>Indicador Remoto para Detector de Ducto<\/p>\n<p><a class=\"ficha\" href=\"https:\/\/lifeseguridad.com\/ficha-tecnica\/mix-dh3100r.pdf\" target=\"_blank\" rel=\"noopener\"><i class=\"iconoficha\"><\/i> FICHA T\u00c9CNICA<\/a><\/p>\n","protected":false},"featured_media":6065,"comment_status":"open","ping_status":"closed","template":"","meta":{"inline_featured_image":false},"product_brand":[],"product_cat":[195],"product_tag":[168],"class_list":{"0":"post-3968","1":"product","2":"type-product","3":"status-publish","4":"has-post-thumbnail","6":"product_cat-detector-en-ducto","7":"product_tag-mircom","9":"first","10":"instock","11":"taxable","12":"shipping-taxable","13":"product-type-simple"},"aioseo_notices":[],"_links":{"self":[{"href":"https:\/\/lifeseguridad.com\/index.php?rest_route=\/wp\/v2\/product\/3968","targetHints":{"allow":["GET"]}}],"collection":[{"href":"https:\/\/lifeseguridad.com\/index.php?rest_route=\/wp\/v2\/product"}],"about":[{"href":"https:\/\/lifeseguridad.com\/index.php?rest_route=\/wp\/v2\/types\/product"}],"replies":[{"embeddable":true,"href":"https:\/\/lifeseguridad.com\/index.php?rest_route=%2Fwp%2Fv2%2Fcomments&post=3968"}],"wp:featuredmedia":[{"embeddable":true,"href":"https:\/\/lifeseguridad.com\/index.php?rest_route=\/wp\/v2\/media\/6065"}],"wp:attachment":[{"href":"https:\/\/lifeseguridad.com\/index.php?rest_route=%2Fwp%2Fv2%2Fmedia&parent=3968"}],"wp:term":[{"taxonomy":"product_brand","embeddable":true,"href":"https:\/\/lifeseguridad.com\/index.php?rest_route=%2Fwp%2Fv2%2Fproduct_brand&post=3968"},{"taxonomy":"product_cat","embeddable":true,"href":"https:\/\/lifeseguridad.com\/index.php?rest_route=%2Fwp%2Fv2%2Fproduct_cat&post=3968"},{"taxonomy":"product_tag","embeddable":true,"href":"https:\/\/lifeseguridad.com\/index.php?rest_route=%2Fwp%2Fv2%2Fproduct_tag&post=3968"}],"curies":[{"name":"wp","href":"https:\/\/api.w.org\/{rel}","templated":true}]}}