{"id":3996,"date":"2016-09-07T17:54:46","date_gmt":"2016-09-07T22:54:46","guid":{"rendered":"https:\/\/lifeseguridad.com\/producto\/bl-6b-bl-10b-campana-roja-6-10-24vdc\/"},"modified":"2023-08-09T17:20:54","modified_gmt":"2023-08-09T22:20:54","slug":"bl-6b-bl-10b-campana-roja-6-10-24vdc","status":"publish","type":"product","link":"https:\/\/lifeseguridad.com\/?product=bl-6b-bl-10b-campana-roja-6-10-24vdc","title":{"rendered":"BL-6B \/ BL-10B Campana Roja 6&#8243; , 10&#8243; \/ 24Vdc"},"content":{"rendered":"<h2>Campana Roja 6&#8243; , 10&#8243; \/ 24Vdc<\/h2>\n<p> Bajo consumo de corriente ( 20 mA )<br \/>\n 6 y 10 pulgadas de di\u00e1metro carcasas de acero para la fiabilidad a largo plazo<br \/>\n RFI y supresi\u00f3n de ruido<br \/>\n EMF evita problemas a la central de detecci\u00f3n de incendios Polarizada para la supervisi\u00f3n de CC<br \/>\n Conexi\u00f3n en espiral Est\u00e1ndar 4 pulgada cuadrada caja el\u00e9ctrica<br \/>\n Montaje la caja de montaje resistente a la intemperie al aire libre disponible para aplicaciones<br \/>\n Acabado en rojo<\/p>\n","protected":false},"excerpt":{"rendered":"<p>Campana Roja 6&#8243; , 10&#8243; \/ 24Vdc<\/p>\n","protected":false},"featured_media":5990,"comment_status":"open","ping_status":"closed","template":"","meta":{"inline_featured_image":false},"product_brand":[],"product_cat":[197],"product_tag":[168],"class_list":{"0":"post-3996","1":"product","2":"type-product","3":"status-publish","4":"has-post-thumbnail","6":"product_cat-campana-de-incendio","7":"product_tag-mircom","9":"first","10":"instock","11":"taxable","12":"shipping-taxable","13":"product-type-simple"},"aioseo_notices":[],"_links":{"self":[{"href":"https:\/\/lifeseguridad.com\/index.php?rest_route=\/wp\/v2\/product\/3996","targetHints":{"allow":["GET"]}}],"collection":[{"href":"https:\/\/lifeseguridad.com\/index.php?rest_route=\/wp\/v2\/product"}],"about":[{"href":"https:\/\/lifeseguridad.com\/index.php?rest_route=\/wp\/v2\/types\/product"}],"replies":[{"embeddable":true,"href":"https:\/\/lifeseguridad.com\/index.php?rest_route=%2Fwp%2Fv2%2Fcomments&post=3996"}],"wp:featuredmedia":[{"embeddable":true,"href":"https:\/\/lifeseguridad.com\/index.php?rest_route=\/wp\/v2\/media\/5990"}],"wp:attachment":[{"href":"https:\/\/lifeseguridad.com\/index.php?rest_route=%2Fwp%2Fv2%2Fmedia&parent=3996"}],"wp:term":[{"taxonomy":"product_brand","embeddable":true,"href":"https:\/\/lifeseguridad.com\/index.php?rest_route=%2Fwp%2Fv2%2Fproduct_brand&post=3996"},{"taxonomy":"product_cat","embeddable":true,"href":"https:\/\/lifeseguridad.com\/index.php?rest_route=%2Fwp%2Fv2%2Fproduct_cat&post=3996"},{"taxonomy":"product_tag","embeddable":true,"href":"https:\/\/lifeseguridad.com\/index.php?rest_route=%2Fwp%2Fv2%2Fproduct_tag&post=3996"}],"curies":[{"name":"wp","href":"https:\/\/api.w.org\/{rel}","templated":true}]}}