{"id":4002,"date":"2016-09-07T17:54:46","date_gmt":"2016-09-07T22:54:46","guid":{"rendered":"https:\/\/lifeseguridad.com\/producto\/fx-350-60-panel-direccionable-de-60-puntos-mircom\/"},"modified":"2023-08-09T17:20:54","modified_gmt":"2023-08-09T22:20:54","slug":"fx-350-60-panel-direccionable-de-60-puntos-mircom","status":"publish","type":"product","link":"https:\/\/lifeseguridad.com\/?product=fx-350-60-panel-direccionable-de-60-puntos-mircom","title":{"rendered":"FX-350-60 Panel Direccionable de 60 puntos &#8211; Mircom"},"content":{"rendered":"<h2>Panel Direccionable de 60 puntos &#8211; Mircom<\/h2>\n<p>Un lazo inteligente SLC que soporta hasta 60 Dispositivos, que pueden ser una combinaci\u00f3n de Detectores y M\u00f3dulos.<br \/>\nSoporta sensores I\u00f3nicos, Fotoel\u00e9ctricos, T\u00e9rmicos de temperatura configurable y Multisensor (Fotoel\u00e9ctrico y T\u00e9rmico)<br \/>\nLCD de 2 l\u00edneas por 20 caracteres retroiluminado, teclado num\u00e9rico y UDACT\/Discador Digital integrado que se puede configurar como DACT o UDACT.<br \/>\nConfiguraci\u00f3n del Panel desde su teclado y pantalla, mediante PC con software Configurador o bien en forma remota a trav\u00e9s del modem incorporado.<br \/>\nLos Sensores se pueden configurar como Alarma, Alarma Verificada, Supervisi\u00f3n con o sin Retenci\u00f3n, Monitoreo, y Falla.<br \/>\nLos M\u00f3dulos se pueden configurar como Alarma, Supervisi\u00f3n con o sin Retenci\u00f3n, Detecci\u00f3n de Flujo de Agua, Monitoreo, y Falla, \u201cFire Drill\u201d (Simulacro), \u201cSignal Silence\u201d (Silenciamiento), \u201cAux Disconnect\u201d (Desconexi\u00f3n de Rel\u00e9s Auxiliares), \u201cBuzzer Silence\u201d (Silenciamiento de Buzzer).<br \/>\nCuatro circuitos NAC Clase \u201cB\u201d (Estilo \u201cB\u201d) que pueden ser configurados como Clase \u201cA\u201d (Estilo\u201cZ\u201d) empleando modulo conversor de clase.<br \/>\nLos circuitos NAC pueden ser configurados como Silenciables o No Silenciables tanto para Sirenas como Estrobos.<br \/>\nProtocolo de Sincronizaci\u00f3n incorporado para los siguientes fabricantes: Mircom, Amseco, System Sensor, Gentex, Faraday, y Wheelock.<br \/>\nRel\u00e9s de: Alarma, Auxiliar\/Alarma (desconectable), Supervisi\u00f3n, y Falla.<br \/>\nFunciones Configurables de Inhibici\u00f3n de Silenciamiento, Auto Silenciamiento, \u201cWalk Test\u201d, y PAS (Positive Alarma Sequence).<\/p>\n","protected":false},"excerpt":{"rendered":"<p>Panel Direccionable de 60 puntos &#8211; Mircom<\/p>\n","protected":false},"featured_media":5967,"comment_status":"open","ping_status":"closed","template":"","meta":{"inline_featured_image":false},"product_brand":[],"product_cat":[299,184],"product_tag":[168],"class_list":{"0":"post-4002","1":"product","2":"type-product","3":"status-publish","4":"has-post-thumbnail","6":"product_cat-panel-contra-incendio","7":"product_cat-sistema-contra-incendio","8":"product_tag-mircom","10":"first","11":"instock","12":"taxable","13":"shipping-taxable","14":"product-type-simple"},"aioseo_notices":[],"_links":{"self":[{"href":"https:\/\/lifeseguridad.com\/index.php?rest_route=\/wp\/v2\/product\/4002","targetHints":{"allow":["GET"]}}],"collection":[{"href":"https:\/\/lifeseguridad.com\/index.php?rest_route=\/wp\/v2\/product"}],"about":[{"href":"https:\/\/lifeseguridad.com\/index.php?rest_route=\/wp\/v2\/types\/product"}],"replies":[{"embeddable":true,"href":"https:\/\/lifeseguridad.com\/index.php?rest_route=%2Fwp%2Fv2%2Fcomments&post=4002"}],"wp:featuredmedia":[{"embeddable":true,"href":"https:\/\/lifeseguridad.com\/index.php?rest_route=\/wp\/v2\/media\/5967"}],"wp:attachment":[{"href":"https:\/\/lifeseguridad.com\/index.php?rest_route=%2Fwp%2Fv2%2Fmedia&parent=4002"}],"wp:term":[{"taxonomy":"product_brand","embeddable":true,"href":"https:\/\/lifeseguridad.com\/index.php?rest_route=%2Fwp%2Fv2%2Fproduct_brand&post=4002"},{"taxonomy":"product_cat","embeddable":true,"href":"https:\/\/lifeseguridad.com\/index.php?rest_route=%2Fwp%2Fv2%2Fproduct_cat&post=4002"},{"taxonomy":"product_tag","embeddable":true,"href":"https:\/\/lifeseguridad.com\/index.php?rest_route=%2Fwp%2Fv2%2Fproduct_tag&post=4002"}],"curies":[{"name":"wp","href":"https:\/\/api.w.org\/{rel}","templated":true}]}}