{"id":4004,"date":"2016-09-07T17:54:46","date_gmt":"2016-09-07T22:54:46","guid":{"rendered":"https:\/\/lifeseguridad.com\/producto\/win-pack-software-de-seguridad-integrado\/"},"modified":"2023-08-09T17:20:54","modified_gmt":"2023-08-09T22:20:54","slug":"win-pack-software-de-seguridad-integrado","status":"publish","type":"product","link":"https:\/\/lifeseguridad.com\/?product=win-pack-software-de-seguridad-integrado","title":{"rendered":"WIN-PACK Software de Seguridad Integrado"},"content":{"rendered":"<h2>Software de Seguridad Integrado<\/h2>\n<p> WIN-PAK\u00ae de Honeywell es el software de seguridad integrado que combina perfectamente la integraci\u00f3n de la seguridad a escala completa con el control de accesos, el v\u00eddeo digital y la seguridad. La potente interfaz de usuario de WIN-PAK permite a los proveedores instalar un software \u00fanico para todas las necesidades de seguridad de sus clientes.<\/p>\n<p> WIN-PAK optimiza el rendimiento del sistema y el coste al integrar otros sistemas de Honeywell como el control de accesos, los sistemas de vigilancia o los sistemas de intrusi\u00f3n Galaxy a trav\u00e9s de un \u00fanico interfaz de usuario. La ventaja es una integraci\u00f3nperfecta que ofrece un dise\u00f1o com\u00fan en el hardware de control de accesos y en las soluciones de v\u00eddeo y de intrusi\u00f3n.<br \/>\n Las funciones que tradicionalmente se enlazabanmediante rel\u00e9s f\u00edsicos y dispositivos de entrada se controlan ahora de forma l\u00f3gica.<br \/>\n Esta simplicidad ofrece a los usuarios un control sobre los sistemas mayor al que<br \/>\n ten\u00edan anteriormente cuando utilizaban diferentes interfaces y plataformas de software.<br \/>\n La optimizaci\u00f3n del coste es siempre una de las prioridades de los productos de<br \/>\n Honeywell. A diferencia de otros fabricantes de software, Honeywell no cobra cuotas<br \/>\n de licencia por lector, lo que permite reducir costes al ampliar el sistema.<\/p>\n","protected":false},"excerpt":{"rendered":"<p>Software de Seguridad Integrado<\/p>\n<p><a class=\"ficha\" href=\"https:\/\/lifeseguridad.com\/ficha-tecnica\/win-pack.pdf\" target=\"_blank\" rel=\"noopener\"><i class=\"iconoficha\"><\/i> FICHA T\u00c9CNICA<\/a><\/p>\n","protected":false},"featured_media":5844,"comment_status":"open","ping_status":"closed","template":"","meta":{"inline_featured_image":false},"product_brand":[],"product_cat":[201],"product_tag":[165],"class_list":{"0":"post-4004","1":"product","2":"type-product","3":"status-publish","4":"has-post-thumbnail","6":"product_cat-programacion","7":"product_tag-honeywell","9":"first","10":"instock","11":"taxable","12":"shipping-taxable","13":"product-type-simple"},"aioseo_notices":[],"_links":{"self":[{"href":"https:\/\/lifeseguridad.com\/index.php?rest_route=\/wp\/v2\/product\/4004","targetHints":{"allow":["GET"]}}],"collection":[{"href":"https:\/\/lifeseguridad.com\/index.php?rest_route=\/wp\/v2\/product"}],"about":[{"href":"https:\/\/lifeseguridad.com\/index.php?rest_route=\/wp\/v2\/types\/product"}],"replies":[{"embeddable":true,"href":"https:\/\/lifeseguridad.com\/index.php?rest_route=%2Fwp%2Fv2%2Fcomments&post=4004"}],"wp:featuredmedia":[{"embeddable":true,"href":"https:\/\/lifeseguridad.com\/index.php?rest_route=\/wp\/v2\/media\/5844"}],"wp:attachment":[{"href":"https:\/\/lifeseguridad.com\/index.php?rest_route=%2Fwp%2Fv2%2Fmedia&parent=4004"}],"wp:term":[{"taxonomy":"product_brand","embeddable":true,"href":"https:\/\/lifeseguridad.com\/index.php?rest_route=%2Fwp%2Fv2%2Fproduct_brand&post=4004"},{"taxonomy":"product_cat","embeddable":true,"href":"https:\/\/lifeseguridad.com\/index.php?rest_route=%2Fwp%2Fv2%2Fproduct_cat&post=4004"},{"taxonomy":"product_tag","embeddable":true,"href":"https:\/\/lifeseguridad.com\/index.php?rest_route=%2Fwp%2Fv2%2Fproduct_tag&post=4004"}],"curies":[{"name":"wp","href":"https:\/\/api.w.org\/{rel}","templated":true}]}}