{"id":4040,"date":"2016-09-07T17:54:50","date_gmt":"2016-09-07T22:54:50","guid":{"rendered":"https:\/\/lifeseguridad.com\/producto\/ca-sc700-control-de-acceso-y-asistencia-por-tarjeta-rfid-125-khz\/"},"modified":"2023-08-09T17:20:56","modified_gmt":"2023-08-09T22:20:56","slug":"ca-sc700-control-de-acceso-y-asistencia-por-tarjeta-rfid-125-khz","status":"publish","type":"product","link":"https:\/\/lifeseguridad.com\/?product=ca-sc700-control-de-acceso-y-asistencia-por-tarjeta-rfid-125-khz","title":{"rendered":"CA-SC700 Control de acceso y asistencia por tarjeta RFID 125 KHz."},"content":{"rendered":"<h2>Control de acceso y asistencia por tarjeta RFID 125 KHz.<\/h2>\n<p> Pantalla t\u00e1ctil LCD de 3\u201d|comunicaci\u00f3n TCP\/IP | WIEGAND | USB HOST.<\/p>\n<p> Soporta 30000 tarjetas y 100000 eventos.<br \/>\n Interfaz de conexi\u00f3n con cerradura el\u00e9ctrica, sensor de puerta, bot\u00f3n de salida y alarma.<br \/>\n Funciones est\u00e1ndar: Autom\u00e1tico, Entrada T9, M\u00e9todos de Multiverificaci\u00f3n.<br \/>\n Fuente de alimentaci\u00f3n 12 Vdc\/3A.<br \/>\n Integraci\u00f3n con software ZK ACCESS 3.5.<br \/>\n Temperatura 0- 45\u00b0C.<br \/>\n Tolerancia de Humedad: 20% &#8211; 80%.<br \/>\n No incluye fuente. Dimensiones 104.7 \u00d7 160 \u00d7 36 mm<\/p>\n","protected":false},"excerpt":{"rendered":"<p>Control de acceso y asistencia por tarjeta RFID 125 KHz.<\/p>\n","protected":false},"featured_media":5862,"comment_status":"open","ping_status":"closed","template":"","meta":{"inline_featured_image":false},"product_brand":[],"product_cat":[234,236],"product_tag":[182],"class_list":{"0":"post-4040","1":"product","2":"type-product","3":"status-publish","4":"has-post-thumbnail","6":"product_cat-control-de-asistencia","7":"product_cat-proximidad-control-de-accesos","8":"product_tag-zk-teco","10":"first","11":"instock","12":"taxable","13":"shipping-taxable","14":"product-type-simple"},"aioseo_notices":[],"_links":{"self":[{"href":"https:\/\/lifeseguridad.com\/index.php?rest_route=\/wp\/v2\/product\/4040","targetHints":{"allow":["GET"]}}],"collection":[{"href":"https:\/\/lifeseguridad.com\/index.php?rest_route=\/wp\/v2\/product"}],"about":[{"href":"https:\/\/lifeseguridad.com\/index.php?rest_route=\/wp\/v2\/types\/product"}],"replies":[{"embeddable":true,"href":"https:\/\/lifeseguridad.com\/index.php?rest_route=%2Fwp%2Fv2%2Fcomments&post=4040"}],"wp:featuredmedia":[{"embeddable":true,"href":"https:\/\/lifeseguridad.com\/index.php?rest_route=\/wp\/v2\/media\/5862"}],"wp:attachment":[{"href":"https:\/\/lifeseguridad.com\/index.php?rest_route=%2Fwp%2Fv2%2Fmedia&parent=4040"}],"wp:term":[{"taxonomy":"product_brand","embeddable":true,"href":"https:\/\/lifeseguridad.com\/index.php?rest_route=%2Fwp%2Fv2%2Fproduct_brand&post=4040"},{"taxonomy":"product_cat","embeddable":true,"href":"https:\/\/lifeseguridad.com\/index.php?rest_route=%2Fwp%2Fv2%2Fproduct_cat&post=4040"},{"taxonomy":"product_tag","embeddable":true,"href":"https:\/\/lifeseguridad.com\/index.php?rest_route=%2Fwp%2Fv2%2Fproduct_tag&post=4040"}],"curies":[{"name":"wp","href":"https:\/\/api.w.org\/{rel}","templated":true}]}}