{"id":4050,"date":"2016-09-07T17:54:53","date_gmt":"2016-09-07T22:54:53","guid":{"rendered":"https:\/\/lifeseguridad.com\/producto\/pa-inbio460-panel-de-acceso-ip-para-4-puertas\/"},"modified":"2023-08-09T17:20:56","modified_gmt":"2023-08-09T22:20:56","slug":"pa-inbio460-panel-de-acceso-ip-para-4-puertas","status":"publish","type":"product","link":"https:\/\/lifeseguridad.com\/?product=pa-inbio460-panel-de-acceso-ip-para-4-puertas","title":{"rendered":"PANEL DE CONTROL DE ACCESO PARA 4 PUERTAS INCLUYE CAJA Y FUENTE ZK"},"content":{"rendered":"<p><a href=\"https:\/\/lifeseguridad.com\/wp-content\/uploads\/2023\/04\/ZK-INBIO460-inBIO260.pdf\"target=\"_blank\" >VER FICHA<\/a><\/p>\n<p>La serie InBio Pro es una l\u00ednea de productos de alta gama orientada a proyectos con caracter\u00edsticas \u00fanicas, tales como verificaci\u00f3n de huellas digitales y funciones avanzadas de control de acceso, que pueden ser gestionadas por comunicaci\u00f3n TCP\/IP a trav\u00e9s de redes LAN o WAN.<\/p>\n<p>La serie InBio Pro es el complemento perfecto del software basado en web ZKBioSecurity para proporcionar una soluci\u00f3n de seguridad biom\u00e9trica completa<\/p>\n<p>\u2022\tLectores soportados: 4 Wiegand 26-bit<br \/>\n\u2022\tControl para 4 puertas<br \/>\n\u2022\tTarjetas 30,000<br \/>\n\u2022\tRegistros 100,000<br \/>\n\u2022\tPuertos: TCP\/IP y RS-485<br \/>\n\u2022\tEntrada: 2 Botones de salida, 2 sensores de puerta, 2 auxiliares<br \/>\n\u2022\tSalidas: 2 Relevadores C para cerraduras y 2 relevadores para auxiliar<br \/>\n\u2022\tRanura SD-Card. Software: ZKAccess 3.5<\/p>\n","protected":false},"excerpt":{"rendered":"<p><a href=\"https:\/\/lifeseguridad.com\/wp-content\/uploads\/2023\/04\/ZK-INBIO460-inBIO260.pdf\"target=\"_blank\" >VER FICHA<\/a><\/p>\n","protected":false},"featured_media":5880,"comment_status":"open","ping_status":"closed","template":"","meta":{"inline_featured_image":false},"product_brand":[],"product_cat":[233,237],"product_tag":[182],"class_list":{"0":"post-4050","1":"product","2":"type-product","3":"status-publish","4":"has-post-thumbnail","6":"product_cat-control-de-acceso","7":"product_cat-panel-de-control","8":"product_tag-zk-teco","10":"first","11":"instock","12":"taxable","13":"shipping-taxable","14":"product-type-simple"},"aioseo_notices":[],"_links":{"self":[{"href":"https:\/\/lifeseguridad.com\/index.php?rest_route=\/wp\/v2\/product\/4050","targetHints":{"allow":["GET"]}}],"collection":[{"href":"https:\/\/lifeseguridad.com\/index.php?rest_route=\/wp\/v2\/product"}],"about":[{"href":"https:\/\/lifeseguridad.com\/index.php?rest_route=\/wp\/v2\/types\/product"}],"replies":[{"embeddable":true,"href":"https:\/\/lifeseguridad.com\/index.php?rest_route=%2Fwp%2Fv2%2Fcomments&post=4050"}],"wp:featuredmedia":[{"embeddable":true,"href":"https:\/\/lifeseguridad.com\/index.php?rest_route=\/wp\/v2\/media\/5880"}],"wp:attachment":[{"href":"https:\/\/lifeseguridad.com\/index.php?rest_route=%2Fwp%2Fv2%2Fmedia&parent=4050"}],"wp:term":[{"taxonomy":"product_brand","embeddable":true,"href":"https:\/\/lifeseguridad.com\/index.php?rest_route=%2Fwp%2Fv2%2Fproduct_brand&post=4050"},{"taxonomy":"product_cat","embeddable":true,"href":"https:\/\/lifeseguridad.com\/index.php?rest_route=%2Fwp%2Fv2%2Fproduct_cat&post=4050"},{"taxonomy":"product_tag","embeddable":true,"href":"https:\/\/lifeseguridad.com\/index.php?rest_route=%2Fwp%2Fv2%2Fproduct_tag&post=4050"}],"curies":[{"name":"wp","href":"https:\/\/api.w.org\/{rel}","templated":true}]}}