{"id":4092,"date":"2016-09-07T17:54:59","date_gmt":"2016-09-07T22:54:59","guid":{"rendered":"https:\/\/lifeseguridad.com\/producto\/sih-200-sensor-de-calor-ul-inteligente-2-hilos\/"},"modified":"2023-08-09T17:20:58","modified_gmt":"2023-08-09T22:20:58","slug":"sih-200-sensor-de-calor-ul-inteligente-2-hilos","status":"publish","type":"product","link":"https:\/\/lifeseguridad.com\/?product=sih-200-sensor-de-calor-ul-inteligente-2-hilos","title":{"rendered":"SIH-200 SENSOR DE CALOR UL INTELIGENTE 2 HILOS"},"content":{"rendered":"<h2>SENSOR DE CALOR UL INTELIGENTE 2 HILOS<\/h2>\n<p> El Detector de Temperatura Inteligente utiliza un sensor eletr\u00f3nico avanzado de temperatura que brinda un r\u00e1pido y seguro monitoreo de la temperatura. El detector t\u00e9rmico se caracteriza por su ajustable rango de temperatura que es configurado del panel de alarma de Incendio de la Serie SFC-500.<\/p>\n","protected":false},"excerpt":{"rendered":"<p>SENSOR DE CALOR UL INTELIGENTE 2 HILOS<\/p>\n<p><a class=\"ficha\" href=\"https:\/\/lifeseguridad.com\/ficha-tecnica\/detectores-inteligentes.pdf\" target=\"_blank\" rel=\"noopener\"><i class=\"iconoficha\"><\/i> FICHA T\u00c9CNICA<\/a><\/p>\n","protected":false},"featured_media":5989,"comment_status":"open","ping_status":"closed","template":"","meta":{"inline_featured_image":false},"product_brand":[],"product_cat":[189],"product_tag":[176],"class_list":{"0":"post-4092","1":"product","2":"type-product","3":"status-publish","4":"has-post-thumbnail","6":"product_cat-sensor-de-temperatura","7":"product_tag-secutron","9":"first","10":"instock","11":"taxable","12":"shipping-taxable","13":"product-type-simple"},"aioseo_notices":[],"_links":{"self":[{"href":"https:\/\/lifeseguridad.com\/index.php?rest_route=\/wp\/v2\/product\/4092","targetHints":{"allow":["GET"]}}],"collection":[{"href":"https:\/\/lifeseguridad.com\/index.php?rest_route=\/wp\/v2\/product"}],"about":[{"href":"https:\/\/lifeseguridad.com\/index.php?rest_route=\/wp\/v2\/types\/product"}],"replies":[{"embeddable":true,"href":"https:\/\/lifeseguridad.com\/index.php?rest_route=%2Fwp%2Fv2%2Fcomments&post=4092"}],"wp:featuredmedia":[{"embeddable":true,"href":"https:\/\/lifeseguridad.com\/index.php?rest_route=\/wp\/v2\/media\/5989"}],"wp:attachment":[{"href":"https:\/\/lifeseguridad.com\/index.php?rest_route=%2Fwp%2Fv2%2Fmedia&parent=4092"}],"wp:term":[{"taxonomy":"product_brand","embeddable":true,"href":"https:\/\/lifeseguridad.com\/index.php?rest_route=%2Fwp%2Fv2%2Fproduct_brand&post=4092"},{"taxonomy":"product_cat","embeddable":true,"href":"https:\/\/lifeseguridad.com\/index.php?rest_route=%2Fwp%2Fv2%2Fproduct_cat&post=4092"},{"taxonomy":"product_tag","embeddable":true,"href":"https:\/\/lifeseguridad.com\/index.php?rest_route=%2Fwp%2Fv2%2Fproduct_tag&post=4092"}],"curies":[{"name":"wp","href":"https:\/\/api.w.org\/{rel}","templated":true}]}}