{"id":4094,"date":"2016-09-07T17:54:59","date_gmt":"2016-09-07T22:54:59","guid":{"rendered":"https:\/\/lifeseguridad.com\/producto\/sip-200-sensor-de-humo-inteligente-ul-2-hilos\/"},"modified":"2023-08-09T17:20:58","modified_gmt":"2023-08-09T22:20:58","slug":"sip-200-sensor-de-humo-inteligente-ul-2-hilos","status":"publish","type":"product","link":"https:\/\/lifeseguridad.com\/?product=sip-200-sensor-de-humo-inteligente-ul-2-hilos","title":{"rendered":"SIP-200 DETECTOR DE HUMO INTELIGENTE UL 2 HILOS SECUTRON"},"content":{"rendered":"<h2>DETECTOR DE HUMO INTELIGENTE SECUTRON UL 2 HILOS<\/h2>\n<p>Equipo para \u201cCentral de Alarmas Contra Incendio Centralizado\u201d, cumple con INDECI<\/p>\n<p>Nuestro detector de humo fotoelectrico\u00a0se puede instalar con la l\u00ednea de paneles\u00a0Secutron.<\/p>\n<p>Se activa cuando existe una presencia de humo en el ambiente salvando vidas, ideal para oficinas, f\u00e1bricas, edificios por departamentos, almacenes y cualquier\u00a0otro ambiente donde exista un riesgo de incendio.<\/p>\n<p>El Detector de Humo Fotoel\u00e9ctrico Inteligente utiliza una c\u00e1mara de sensado \u00f3ptico que esta dise\u00f1ada para sensar el humo producido por un amplio rango de fuentes de combusti\u00f3n. El detector esta equipado con un LED claro que emite flashes cuando el detector esta enrolado y el LED est\u00e1 en ON cuando el detector entra en alarma.<br \/>\nDise\u00f1o de bajo perfil<br \/>\nPara ser utilizados con los Paneles de Alarma de Incendio de la Serie 500<br \/>\nR\u00e1pido Tiempo de Respuesta<br \/>\nDireccionamiento autom\u00e1tico con la tarjeta SIB-ADD<br \/>\nVariedad de bases de montaje<br \/>\nF\u00e1cil instalaci\u00f3n<br \/>\nDise\u00f1o elegante, decorativo<br \/>\nComunicaci\u00f3n digital<\/p>\n","protected":false},"excerpt":{"rendered":"<p>SENSOR DE HUMO INTELIGENTE UL 2 HILOS SECUTRON<\/p>\n<p>Equipo para \u201cCentral de Alarmas Contra Incendio Centralizado\u201d, cumple con INDECI<\/p>\n<p>Nuestro detector de humo fotoelectrico\u00a0se puede instalar con la l\u00ednea de paneles\u00a0Secutron.<\/p>\n<p><a class=\"ficha\" href=\"https:\/\/lifeseguridad.com\/ficha-tecnica\/detectores-inteligentes.pdf\" target=\"_blank\" rel=\"noopener\"><i class=\"iconoficha\"><\/i> FICHA T\u00c9CNICA<\/a><\/p>\n","protected":false},"featured_media":6082,"comment_status":"open","ping_status":"closed","template":"","meta":{"inline_featured_image":false},"product_brand":[],"product_cat":[188],"product_tag":[176],"class_list":{"0":"post-4094","1":"product","2":"type-product","3":"status-publish","4":"has-post-thumbnail","6":"product_cat-detectores-de-humo","7":"product_tag-secutron","9":"first","10":"instock","11":"taxable","12":"shipping-taxable","13":"product-type-simple"},"aioseo_notices":[],"_links":{"self":[{"href":"https:\/\/lifeseguridad.com\/index.php?rest_route=\/wp\/v2\/product\/4094","targetHints":{"allow":["GET"]}}],"collection":[{"href":"https:\/\/lifeseguridad.com\/index.php?rest_route=\/wp\/v2\/product"}],"about":[{"href":"https:\/\/lifeseguridad.com\/index.php?rest_route=\/wp\/v2\/types\/product"}],"replies":[{"embeddable":true,"href":"https:\/\/lifeseguridad.com\/index.php?rest_route=%2Fwp%2Fv2%2Fcomments&post=4094"}],"wp:featuredmedia":[{"embeddable":true,"href":"https:\/\/lifeseguridad.com\/index.php?rest_route=\/wp\/v2\/media\/6082"}],"wp:attachment":[{"href":"https:\/\/lifeseguridad.com\/index.php?rest_route=%2Fwp%2Fv2%2Fmedia&parent=4094"}],"wp:term":[{"taxonomy":"product_brand","embeddable":true,"href":"https:\/\/lifeseguridad.com\/index.php?rest_route=%2Fwp%2Fv2%2Fproduct_brand&post=4094"},{"taxonomy":"product_cat","embeddable":true,"href":"https:\/\/lifeseguridad.com\/index.php?rest_route=%2Fwp%2Fv2%2Fproduct_cat&post=4094"},{"taxonomy":"product_tag","embeddable":true,"href":"https:\/\/lifeseguridad.com\/index.php?rest_route=%2Fwp%2Fv2%2Fproduct_tag&post=4094"}],"curies":[{"name":"wp","href":"https:\/\/api.w.org\/{rel}","templated":true}]}}