{"id":4096,"date":"2016-09-07T17:54:59","date_gmt":"2016-09-07T22:54:59","guid":{"rendered":"https:\/\/lifeseguridad.com\/producto\/sim-200-sendor-de-humo-y-calor-inteligente-2-hilos-ul\/"},"modified":"2023-08-09T17:20:58","modified_gmt":"2023-08-09T22:20:58","slug":"sim-200-sendor-de-humo-y-calor-inteligente-2-hilos-ul","status":"publish","type":"product","link":"https:\/\/lifeseguridad.com\/?product=sim-200-sendor-de-humo-y-calor-inteligente-2-hilos-ul","title":{"rendered":"SIM-200 SENDOR DE HUMO Y CALOR INTELIGENTE 2 HILOS UL"},"content":{"rendered":"<h2>SENDOR DE HUMO Y CALOR INTELIGENTE 2 HILOS UL<\/h2>\n<p> El Detector Inteligente Multicriterio es un detector de humo Fotoel\u00e9ctrico con un sensor t\u00e9rmico suplementario.<br \/>\n El Detector Multicriterio combina las caracter\u00edsticas de un detector de Humo Fotoel\u00e9ctrico resultando una alta calidad de detecci\u00f3n y reducci\u00f3n de falsas alarmas.<br \/>\n La informaci\u00f3n de cada elemento de sensado es procesada y condicionada por su procesador de tecnolog\u00eda ASIC y transmitida por el FACP como un simple valor anal\u00f3gico obtenido de la combinaci\u00f3n de respuestas de ambos elementos de detecci\u00f3n de los detectores de Humo y Temperatura.<\/p>\n","protected":false},"excerpt":{"rendered":"<p>SENDOR DE HUMO Y CALOR INTELIGENTE 2 HILOS UL<\/p>\n<p><a class=\"ficha\" href=\"https:\/\/lifeseguridad.com\/ficha-tecnica\/detectores-inteligentes.pdf\" target=\"_blank\" rel=\"noopener\"><i class=\"iconoficha\"><\/i> FICHA T\u00c9CNICA<\/a><\/p>\n","protected":false},"featured_media":6081,"comment_status":"open","ping_status":"closed","template":"","meta":{"inline_featured_image":false},"product_brand":[],"product_cat":[190],"product_tag":[176],"class_list":{"0":"post-4096","1":"product","2":"type-product","3":"status-publish","4":"has-post-thumbnail","6":"product_cat-detectores-de-humo-y-temperatura","7":"product_tag-secutron","9":"first","10":"instock","11":"taxable","12":"shipping-taxable","13":"product-type-simple"},"aioseo_notices":[],"_links":{"self":[{"href":"https:\/\/lifeseguridad.com\/index.php?rest_route=\/wp\/v2\/product\/4096","targetHints":{"allow":["GET"]}}],"collection":[{"href":"https:\/\/lifeseguridad.com\/index.php?rest_route=\/wp\/v2\/product"}],"about":[{"href":"https:\/\/lifeseguridad.com\/index.php?rest_route=\/wp\/v2\/types\/product"}],"replies":[{"embeddable":true,"href":"https:\/\/lifeseguridad.com\/index.php?rest_route=%2Fwp%2Fv2%2Fcomments&post=4096"}],"wp:featuredmedia":[{"embeddable":true,"href":"https:\/\/lifeseguridad.com\/index.php?rest_route=\/wp\/v2\/media\/6081"}],"wp:attachment":[{"href":"https:\/\/lifeseguridad.com\/index.php?rest_route=%2Fwp%2Fv2%2Fmedia&parent=4096"}],"wp:term":[{"taxonomy":"product_brand","embeddable":true,"href":"https:\/\/lifeseguridad.com\/index.php?rest_route=%2Fwp%2Fv2%2Fproduct_brand&post=4096"},{"taxonomy":"product_cat","embeddable":true,"href":"https:\/\/lifeseguridad.com\/index.php?rest_route=%2Fwp%2Fv2%2Fproduct_cat&post=4096"},{"taxonomy":"product_tag","embeddable":true,"href":"https:\/\/lifeseguridad.com\/index.php?rest_route=%2Fwp%2Fv2%2Fproduct_tag&post=4096"}],"curies":[{"name":"wp","href":"https:\/\/api.w.org\/{rel}","templated":true}]}}