{"id":4136,"date":"2016-09-07T17:55:04","date_gmt":"2016-09-07T22:55:04","guid":{"rendered":"https:\/\/lifeseguridad.com\/producto\/honfpl4x22-cable-incendio-4x22-awg-fpl\/"},"modified":"2023-08-09T17:20:59","modified_gmt":"2023-08-09T22:20:59","slug":"honfpl4x22-cable-incendio-4x22-awg-fpl","status":"publish","type":"product","link":"https:\/\/lifeseguridad.com\/?product=honfpl4x22-cable-incendio-4x22-awg-fpl","title":{"rendered":"HONFPL4X22 Cable incendio 4X22 AWG FPL"},"content":{"rendered":"<h2>Cable incendio 4X22 AWG FPL<\/h2>\n<p> Cable incendio 4X22 AWG FPL HONEYWELL, 300m<br \/>\n  conductor 22AWG barra de cobre solido, UL \/ NEC<br \/>\n Nuestros cables de detecci\u00f3n de incendios se fabrican en una amplia variedad de tama\u00f1os de calibre, configuraciones de blindaje y los materiales de recubrimiento incluyendo plenum, riser y prop\u00f3sito general.<br \/>\n G\u00e9nesis tambi\u00e9n fabrica cables de alarma contra incendios que cumplan con los requisitos de la ciudad de Nueva York Ley Local 5 y los requisitos de Nueva York Estado de toxicidad.<\/p>\n","protected":false},"excerpt":{"rendered":"<p>Cable incendio 4X22 AWG FPL<\/p>\n","protected":false},"featured_media":6038,"comment_status":"open","ping_status":"closed","template":"","meta":{"inline_featured_image":false},"product_brand":[],"product_cat":[253],"product_tag":[165],"class_list":{"0":"post-4136","1":"product","2":"type-product","3":"status-publish","4":"has-post-thumbnail","6":"product_cat-cable-fpl","7":"product_tag-honeywell","9":"first","10":"instock","11":"taxable","12":"shipping-taxable","13":"product-type-simple"},"aioseo_notices":[],"_links":{"self":[{"href":"https:\/\/lifeseguridad.com\/index.php?rest_route=\/wp\/v2\/product\/4136","targetHints":{"allow":["GET"]}}],"collection":[{"href":"https:\/\/lifeseguridad.com\/index.php?rest_route=\/wp\/v2\/product"}],"about":[{"href":"https:\/\/lifeseguridad.com\/index.php?rest_route=\/wp\/v2\/types\/product"}],"replies":[{"embeddable":true,"href":"https:\/\/lifeseguridad.com\/index.php?rest_route=%2Fwp%2Fv2%2Fcomments&post=4136"}],"wp:featuredmedia":[{"embeddable":true,"href":"https:\/\/lifeseguridad.com\/index.php?rest_route=\/wp\/v2\/media\/6038"}],"wp:attachment":[{"href":"https:\/\/lifeseguridad.com\/index.php?rest_route=%2Fwp%2Fv2%2Fmedia&parent=4136"}],"wp:term":[{"taxonomy":"product_brand","embeddable":true,"href":"https:\/\/lifeseguridad.com\/index.php?rest_route=%2Fwp%2Fv2%2Fproduct_brand&post=4136"},{"taxonomy":"product_cat","embeddable":true,"href":"https:\/\/lifeseguridad.com\/index.php?rest_route=%2Fwp%2Fv2%2Fproduct_cat&post=4136"},{"taxonomy":"product_tag","embeddable":true,"href":"https:\/\/lifeseguridad.com\/index.php?rest_route=%2Fwp%2Fv2%2Fproduct_tag&post=4136"}],"curies":[{"name":"wp","href":"https:\/\/api.w.org\/{rel}","templated":true}]}}