{"id":4672,"date":"2016-09-07T18:21:32","date_gmt":"2016-09-07T23:21:32","guid":{"rendered":"https:\/\/lifeseguridad.com\/producto\/inbio480-panel-de-control-de-puertas-ip-para-4-puertas-tcpip-rs485-4-entradas-wiegand-26-bits\/"},"modified":"2023-08-09T17:21:00","modified_gmt":"2023-08-09T22:21:00","slug":"inbio480-panel-de-control-de-puertas-ip-para-4-puertas-tcpip-rs485-4-entradas-wiegand-26-bits","status":"publish","type":"product","link":"https:\/\/lifeseguridad.com\/?product=inbio480-panel-de-control-de-puertas-ip-para-4-puertas-tcpip-rs485-4-entradas-wiegand-26-bits","title":{"rendered":"INBIO480 PANEL DE CONTROL DE PUERTAS IP PARA 4 PUERTAS | TCP\/IP &#8211; RS485 | 4 entradas WIEGAND 26 Bits"},"content":{"rendered":"<h2>PANEL DE CONTROL DE PUERTAS IP PARA 4 PUERTAS | TCP\/IP &#8211; RS485 | 4 entradas WIEGAND 26 Bits<\/h2>\n<p> Capacidad de Huellas: 3,000 \u2022 Capacidad de Tarjetas RFID: 30,000 \u2022 Transacciones: 100,000<br \/>\n Maneja 4 lectores de proximidad (KR200E) u 8 lectores biom\u00e9tricos (FR1200) \u2022 Comunicacion TCP\/IP y RS\/485<br \/>\n Conexi\u00f3n cerradura el\u00e9ctrica, bot\u00f3n de salida, sensor de puerta, alarma \u2022 Necesita enrolador de huellas ZK-4500 \u00f3 tarjetas RFID<br \/>\n Puerto USB: carga y descarga de Datos \u2022 Alimentaci\u00f3n: 9.6 a 14.4Vdc\/1A \u2022 Incluye fuente y gabinete. Marca ZK SOFTWARE<\/p>\n","protected":false},"excerpt":{"rendered":"<p>PANEL DE CONTROL DE PUERTAS IP PARA 4 PUERTAS | TCP\/IP &#8211; RS485 | 4 entradas WIEGAND 26 Bits<\/p>\n<p><a class=\"ficha\" href=\"https:\/\/lifeseguridad.com\/ficha-tecnica\/inbio480.pdf\" target=\"_blank\" rel=\"noopener\"><i class=\"iconoficha\"><\/i> FICHA T\u00c9CNICA<\/a><\/p>\n","protected":false},"featured_media":5870,"comment_status":"open","ping_status":"closed","template":"","meta":{"inline_featured_image":false},"product_brand":[],"product_cat":[237],"product_tag":[182],"class_list":{"0":"post-4672","1":"product","2":"type-product","3":"status-publish","4":"has-post-thumbnail","6":"product_cat-panel-de-control","7":"product_tag-zk-teco","9":"first","10":"instock","11":"taxable","12":"shipping-taxable","13":"product-type-simple"},"aioseo_notices":[],"_links":{"self":[{"href":"https:\/\/lifeseguridad.com\/index.php?rest_route=\/wp\/v2\/product\/4672","targetHints":{"allow":["GET"]}}],"collection":[{"href":"https:\/\/lifeseguridad.com\/index.php?rest_route=\/wp\/v2\/product"}],"about":[{"href":"https:\/\/lifeseguridad.com\/index.php?rest_route=\/wp\/v2\/types\/product"}],"replies":[{"embeddable":true,"href":"https:\/\/lifeseguridad.com\/index.php?rest_route=%2Fwp%2Fv2%2Fcomments&post=4672"}],"wp:featuredmedia":[{"embeddable":true,"href":"https:\/\/lifeseguridad.com\/index.php?rest_route=\/wp\/v2\/media\/5870"}],"wp:attachment":[{"href":"https:\/\/lifeseguridad.com\/index.php?rest_route=%2Fwp%2Fv2%2Fmedia&parent=4672"}],"wp:term":[{"taxonomy":"product_brand","embeddable":true,"href":"https:\/\/lifeseguridad.com\/index.php?rest_route=%2Fwp%2Fv2%2Fproduct_brand&post=4672"},{"taxonomy":"product_cat","embeddable":true,"href":"https:\/\/lifeseguridad.com\/index.php?rest_route=%2Fwp%2Fv2%2Fproduct_cat&post=4672"},{"taxonomy":"product_tag","embeddable":true,"href":"https:\/\/lifeseguridad.com\/index.php?rest_route=%2Fwp%2Fv2%2Fproduct_tag&post=4672"}],"curies":[{"name":"wp","href":"https:\/\/api.w.org\/{rel}","templated":true}]}}