{"id":4771,"date":"2016-09-07T18:21:46","date_gmt":"2016-09-07T23:21:46","guid":{"rendered":"https:\/\/lifeseguridad.com\/producto\/rw132ip-modulo-ip-risco\/"},"modified":"2023-08-09T17:21:06","modified_gmt":"2023-08-09T22:21:06","slug":"rw132ip-modulo-ip-risco","status":"publish","type":"product","link":"https:\/\/lifeseguridad.com\/?product=rw132ip-modulo-ip-risco","title":{"rendered":"RW132IP MODULO IP RISCO"},"content":{"rendered":"<h2>MODULO IP RISCO<\/h2>\n<p>El M\u00f3dulo IP es un m\u00f3dulo que nos permite comunicarse a trav\u00e9s de una red TCP\/IP. Este m\u00f3dulo nos permitir\u00e1 conectarnos desde nuestro Smartphone por la aplicaci\u00f3n iRISCO, sin necesidad de abrir puertos, agreg\u00e1ndolo a la nube RISCO CLOUD.<\/p>\n","protected":false},"excerpt":{"rendered":"<p>MODULO IP RISCO<\/p>\n","protected":false},"featured_media":5941,"comment_status":"open","ping_status":"closed","template":"","meta":{"inline_featured_image":false},"product_brand":[],"product_cat":[218],"product_tag":[171],"class_list":{"0":"post-4771","1":"product","2":"type-product","3":"status-publish","4":"has-post-thumbnail","6":"product_cat-comunicadores","7":"product_tag-risco","9":"first","10":"instock","11":"taxable","12":"shipping-taxable","13":"product-type-simple"},"aioseo_notices":[],"_links":{"self":[{"href":"https:\/\/lifeseguridad.com\/index.php?rest_route=\/wp\/v2\/product\/4771","targetHints":{"allow":["GET"]}}],"collection":[{"href":"https:\/\/lifeseguridad.com\/index.php?rest_route=\/wp\/v2\/product"}],"about":[{"href":"https:\/\/lifeseguridad.com\/index.php?rest_route=\/wp\/v2\/types\/product"}],"replies":[{"embeddable":true,"href":"https:\/\/lifeseguridad.com\/index.php?rest_route=%2Fwp%2Fv2%2Fcomments&post=4771"}],"wp:featuredmedia":[{"embeddable":true,"href":"https:\/\/lifeseguridad.com\/index.php?rest_route=\/wp\/v2\/media\/5941"}],"wp:attachment":[{"href":"https:\/\/lifeseguridad.com\/index.php?rest_route=%2Fwp%2Fv2%2Fmedia&parent=4771"}],"wp:term":[{"taxonomy":"product_brand","embeddable":true,"href":"https:\/\/lifeseguridad.com\/index.php?rest_route=%2Fwp%2Fv2%2Fproduct_brand&post=4771"},{"taxonomy":"product_cat","embeddable":true,"href":"https:\/\/lifeseguridad.com\/index.php?rest_route=%2Fwp%2Fv2%2Fproduct_cat&post=4771"},{"taxonomy":"product_tag","embeddable":true,"href":"https:\/\/lifeseguridad.com\/index.php?rest_route=%2Fwp%2Fv2%2Fproduct_tag&post=4771"}],"curies":[{"name":"wp","href":"https:\/\/api.w.org\/{rel}","templated":true}]}}