{"id":4804,"date":"2016-09-07T18:21:52","date_gmt":"2016-09-07T23:21:52","guid":{"rendered":"https:\/\/lifeseguridad.com\/producto\/rk6f-sensor-de-inundacion-risco\/"},"modified":"2023-08-09T17:21:07","modified_gmt":"2023-08-09T22:21:07","slug":"rk6f-sensor-de-inundacion-risco","status":"publish","type":"product","link":"https:\/\/lifeseguridad.com\/?product=rk6f-sensor-de-inundacion-risco","title":{"rendered":"RK6F Sensor de aniego Risco"},"content":{"rendered":"<h2>Sensor de Inundaci\u00f3n Risco<\/h2>\n<p>Sensor de aniego o \u00a0Inundaci\u00f3n Risco;es utilizado para detectar la presencia de l\u00edquidos a base de agua en cualquier lugar como s\u00f3tanos, ba\u00f1os o tanques de agua, Caracteristicas principales Alimentaci\u00f3n requerida: 12Vcc, Consumo corriente: 3.5mA, Temperatura de funcionamiento: 0\u00b0C to 60\u00b0C (32\u00b0F to 140\u00b0F) Temperatura de almacenamiento: -20\u00b0C to 60\u00b0C (-4\u00b0F to 140\u00b0F) Grado de protecci\u00f3n: IP67<\/p>\n","protected":false},"excerpt":{"rendered":"<p>Sensor de\u00a0aniego\u00a0Risco<\/p>\n","protected":false},"featured_media":6158,"comment_status":"open","ping_status":"closed","template":"","meta":{"inline_featured_image":false},"product_brand":[],"product_cat":[213],"product_tag":[171],"class_list":{"0":"post-4804","1":"product","2":"type-product","3":"status-publish","4":"has-post-thumbnail","6":"product_cat-sensor-de-aniego","7":"product_tag-risco","9":"first","10":"instock","11":"taxable","12":"shipping-taxable","13":"product-type-simple"},"aioseo_notices":[],"_links":{"self":[{"href":"https:\/\/lifeseguridad.com\/index.php?rest_route=\/wp\/v2\/product\/4804","targetHints":{"allow":["GET"]}}],"collection":[{"href":"https:\/\/lifeseguridad.com\/index.php?rest_route=\/wp\/v2\/product"}],"about":[{"href":"https:\/\/lifeseguridad.com\/index.php?rest_route=\/wp\/v2\/types\/product"}],"replies":[{"embeddable":true,"href":"https:\/\/lifeseguridad.com\/index.php?rest_route=%2Fwp%2Fv2%2Fcomments&post=4804"}],"wp:featuredmedia":[{"embeddable":true,"href":"https:\/\/lifeseguridad.com\/index.php?rest_route=\/wp\/v2\/media\/6158"}],"wp:attachment":[{"href":"https:\/\/lifeseguridad.com\/index.php?rest_route=%2Fwp%2Fv2%2Fmedia&parent=4804"}],"wp:term":[{"taxonomy":"product_brand","embeddable":true,"href":"https:\/\/lifeseguridad.com\/index.php?rest_route=%2Fwp%2Fv2%2Fproduct_brand&post=4804"},{"taxonomy":"product_cat","embeddable":true,"href":"https:\/\/lifeseguridad.com\/index.php?rest_route=%2Fwp%2Fv2%2Fproduct_cat&post=4804"},{"taxonomy":"product_tag","embeddable":true,"href":"https:\/\/lifeseguridad.com\/index.php?rest_route=%2Fwp%2Fv2%2Fproduct_tag&post=4804"}],"curies":[{"name":"wp","href":"https:\/\/api.w.org\/{rel}","templated":true}]}}