{"id":5191,"date":"2016-09-28T11:32:44","date_gmt":"2016-09-28T16:32:44","guid":{"rendered":"https:\/\/lifeseguridad.com\/?post_type=product&#038;p=5191"},"modified":"2023-08-09T17:21:10","modified_gmt":"2023-08-09T22:21:10","slug":"061736-lampara-de-emergencia-g5-comb-200-lum-1h-ip42-2-tubos-8-w-aprox-40m2","status":"publish","type":"product","link":"https:\/\/lifeseguridad.com\/?product=061736-lampara-de-emergencia-g5-comb-200-lum-1h-ip42-2-tubos-8-w-aprox-40m2","title":{"rendered":"61736 L\u00e1mpara de emergencia G5, comb. 200 l\u00fam, 1h, IP42, 2 tubos 8 w, aprox. 40m2"},"content":{"rendered":"<h2>061736 L\u00e1mpara de emergencia G5, comb. 200 l\u00fam, 1h, IP42, 2 tubos 8 w, aprox. 40m2<\/h2>\n<p>Luminarias no permanentes, permanentes y combinadas.<br \/>\nL\u00e1mparas de 8 W y PL 11 W. 90-500 l\u00famenes.<br \/>\n1 y 3 horas de autonom\u00eda. IP 42, IK 07. Difusor opal.<\/p>\n<p>Fabricado seg\u00fan normas de obligado cumplimiento: UNE-EN 60598-2-22 y UNE 20392.<\/p>\n<p>Luminarias de emergencia aptas para ser montadas sobre superficies inflamables. Alimentaci\u00f3n: 230 V \u00b1 10%. Bater\u00edas Ni-Cd de alta temperatura. Tiempo de carga 24 horas.<\/p>\n<p>2 leds testigo de carga de alta luminosidad (100.000 h de vida media). Cuando los leds se apagan indica ausencia de tensi\u00f3n \u00f3 que las bater\u00edas no cargan.<\/p>\n<p>Conexi\u00f3n por bornas de tornillo de gran capacidad, di\u00e1metro de 4 mm para las bornas de red y 2,5 mm las de telemando. Las bornas del telemando est\u00e1n protegidas contra conexi\u00f3n accidental a 230 V\u00b1. Utilizar telemando para puesta en reposo \u00f3 test de prueba de funcionamiento con tensi\u00f3n de red.<br \/>\nProtecci\u00f3n de red mediante dispositivo electr\u00f3nico autom\u00e1tico (sin fusible).<br \/>\nEl material de la envolvente es autoextinguible.<\/p>\n<p>Dispone de una entrada de cable de 20 mm de di\u00e1metro en la parte superior y una rectangular en la parte posterior. Esta luminaria de emergencia puede ser instalada empotrada, semiempotrada y superficie.<\/p>\n<p>Legrand Vision System<br \/>\nLuminarias de emergencia que le indican su estado en cada momento, y que pueden formar parte de un sistema de control centralizado.<\/p>\n","protected":false},"excerpt":{"rendered":"<p>L\u00e1mpara de emergencia G5, comb. 200 l\u00fam, 1h, IP42, 2 tubos 8 w, aprox. 40m2<\/p>\n","protected":false},"featured_media":6094,"comment_status":"open","ping_status":"closed","template":"","meta":{"inline_featured_image":false},"product_brand":[],"product_cat":[246],"product_tag":[274],"class_list":{"0":"post-5191","1":"product","2":"type-product","3":"status-publish","4":"has-post-thumbnail","6":"product_cat-luces-de-emergencia","7":"product_tag-legrand","9":"first","10":"instock","11":"taxable","12":"shipping-taxable","13":"product-type-simple"},"aioseo_notices":[],"_links":{"self":[{"href":"https:\/\/lifeseguridad.com\/index.php?rest_route=\/wp\/v2\/product\/5191","targetHints":{"allow":["GET"]}}],"collection":[{"href":"https:\/\/lifeseguridad.com\/index.php?rest_route=\/wp\/v2\/product"}],"about":[{"href":"https:\/\/lifeseguridad.com\/index.php?rest_route=\/wp\/v2\/types\/product"}],"replies":[{"embeddable":true,"href":"https:\/\/lifeseguridad.com\/index.php?rest_route=%2Fwp%2Fv2%2Fcomments&post=5191"}],"wp:featuredmedia":[{"embeddable":true,"href":"https:\/\/lifeseguridad.com\/index.php?rest_route=\/wp\/v2\/media\/6094"}],"wp:attachment":[{"href":"https:\/\/lifeseguridad.com\/index.php?rest_route=%2Fwp%2Fv2%2Fmedia&parent=5191"}],"wp:term":[{"taxonomy":"product_brand","embeddable":true,"href":"https:\/\/lifeseguridad.com\/index.php?rest_route=%2Fwp%2Fv2%2Fproduct_brand&post=5191"},{"taxonomy":"product_cat","embeddable":true,"href":"https:\/\/lifeseguridad.com\/index.php?rest_route=%2Fwp%2Fv2%2Fproduct_cat&post=5191"},{"taxonomy":"product_tag","embeddable":true,"href":"https:\/\/lifeseguridad.com\/index.php?rest_route=%2Fwp%2Fv2%2Fproduct_tag&post=5191"}],"curies":[{"name":"wp","href":"https:\/\/api.w.org\/{rel}","templated":true}]}}