{"id":5269,"date":"2016-10-06T15:08:34","date_gmt":"2016-10-06T20:08:34","guid":{"rendered":"https:\/\/lifeseguridad.com\/?post_type=product&#038;p=5269"},"modified":"2023-08-09T17:21:13","modified_gmt":"2023-08-09T22:21:13","slug":"cm-6-detector-de-monoxido-de-carbono","status":"publish","type":"product","link":"https:\/\/lifeseguridad.com\/?product=cm-6-detector-de-monoxido-de-carbono","title":{"rendered":"CM-6 Detector de Monoxido de Carbono"},"content":{"rendered":"<h2>Detector de Monoxido de Carbono<\/h2>\n<p>Detector, controlador y transductor de gas MACURCO CM-6 de bajo voltaje para Mon\u00f3xido de Carbono (CO) 0-200 ppm. Incluye rel\u00e9 de ventilaci\u00f3n, rel\u00e9 de alarma, circuito de 4-20mA, pantalla digital y zumbador. Listado por ETL para UL 61010-1.<\/p>\n","protected":false},"excerpt":{"rendered":"<p>Detector de Monoxido de Carbono<\/p>\n<p><a class=\"ficha\" href=\"https:\/\/lifeseguridad.com\/ficha-tecnica\/cm6.pdf\" target=\"_blank\" rel=\"noopener\"><i class=\"iconoficha\"><\/i>FICHA T\u00c9CNICA<\/a><\/p>\n","protected":false},"featured_media":6074,"comment_status":"open","ping_status":"closed","template":"","meta":{"inline_featured_image":false},"product_brand":[],"product_cat":[216],"product_tag":[278],"class_list":{"0":"post-5269","1":"product","2":"type-product","3":"status-publish","4":"has-post-thumbnail","6":"product_cat-detector-de-monoxido-de-carbono","7":"product_tag-macurco","9":"first","10":"instock","11":"taxable","12":"shipping-taxable","13":"product-type-simple"},"aioseo_notices":[],"_links":{"self":[{"href":"https:\/\/lifeseguridad.com\/index.php?rest_route=\/wp\/v2\/product\/5269","targetHints":{"allow":["GET"]}}],"collection":[{"href":"https:\/\/lifeseguridad.com\/index.php?rest_route=\/wp\/v2\/product"}],"about":[{"href":"https:\/\/lifeseguridad.com\/index.php?rest_route=\/wp\/v2\/types\/product"}],"replies":[{"embeddable":true,"href":"https:\/\/lifeseguridad.com\/index.php?rest_route=%2Fwp%2Fv2%2Fcomments&post=5269"}],"wp:featuredmedia":[{"embeddable":true,"href":"https:\/\/lifeseguridad.com\/index.php?rest_route=\/wp\/v2\/media\/6074"}],"wp:attachment":[{"href":"https:\/\/lifeseguridad.com\/index.php?rest_route=%2Fwp%2Fv2%2Fmedia&parent=5269"}],"wp:term":[{"taxonomy":"product_brand","embeddable":true,"href":"https:\/\/lifeseguridad.com\/index.php?rest_route=%2Fwp%2Fv2%2Fproduct_brand&post=5269"},{"taxonomy":"product_cat","embeddable":true,"href":"https:\/\/lifeseguridad.com\/index.php?rest_route=%2Fwp%2Fv2%2Fproduct_cat&post=5269"},{"taxonomy":"product_tag","embeddable":true,"href":"https:\/\/lifeseguridad.com\/index.php?rest_route=%2Fwp%2Fv2%2Fproduct_tag&post=5269"}],"curies":[{"name":"wp","href":"https:\/\/api.w.org\/{rel}","templated":true}]}}