{"id":6247,"date":"2023-03-17T10:37:01","date_gmt":"2023-03-17T15:37:01","guid":{"rendered":"https:\/\/lifeseguridad.com\/?post_type=product&#038;p=6247"},"modified":"2024-01-15T12:12:41","modified_gmt":"2024-01-15T17:12:41","slug":"fuente-de-regulada-12vdc-1-amp-solo-con-camara-fuente-de-alimentacion-de-conmutacion-switching","status":"publish","type":"product","link":"https:\/\/lifeseguridad.com\/?product=fuente-de-regulada-12vdc-1-amp-solo-con-camara-fuente-de-alimentacion-de-conmutacion-switching","title":{"rendered":"FUENTE DE REGULADA 12Vdc\/1 Amp. (SOLO CON CAMARA). Fuente de alimentaci\u00f3n de CONMUTACI\u00d3N (Switching)"},"content":{"rendered":"<p>Caracter\u00edsticas del Producto<\/p>\n<ul>\n<li>Fuente de alimentaci\u00f3n de CONMUTACI\u00d3N (Switching)<\/li>\n<li>Una salida para montaje en Pared.<\/li>\n<li>Voltaje de Entrada: 100 \u2013 240Vac<\/li>\n<li>Peso 80g<\/li>\n<li>Cumple RoHS<\/li>\n<\/ul>\n","protected":false},"excerpt":{"rendered":"<p>Cotizar ahora<\/p>\n","protected":false},"featured_media":6249,"comment_status":"open","ping_status":"closed","template":"","meta":{"inline_featured_image":false},"product_brand":[],"product_cat":[232,219],"product_tag":[],"class_list":{"0":"post-6247","1":"product","2":"type-product","3":"status-publish","4":"has-post-thumbnail","6":"product_cat-accesorios-camaras-de-seguridad","7":"product_cat-camaras-de-seguridad","9":"first","10":"instock","11":"taxable","12":"shipping-taxable","13":"product-type-simple"},"aioseo_notices":[],"_links":{"self":[{"href":"https:\/\/lifeseguridad.com\/index.php?rest_route=\/wp\/v2\/product\/6247","targetHints":{"allow":["GET"]}}],"collection":[{"href":"https:\/\/lifeseguridad.com\/index.php?rest_route=\/wp\/v2\/product"}],"about":[{"href":"https:\/\/lifeseguridad.com\/index.php?rest_route=\/wp\/v2\/types\/product"}],"replies":[{"embeddable":true,"href":"https:\/\/lifeseguridad.com\/index.php?rest_route=%2Fwp%2Fv2%2Fcomments&post=6247"}],"wp:featuredmedia":[{"embeddable":true,"href":"https:\/\/lifeseguridad.com\/index.php?rest_route=\/wp\/v2\/media\/6249"}],"wp:attachment":[{"href":"https:\/\/lifeseguridad.com\/index.php?rest_route=%2Fwp%2Fv2%2Fmedia&parent=6247"}],"wp:term":[{"taxonomy":"product_brand","embeddable":true,"href":"https:\/\/lifeseguridad.com\/index.php?rest_route=%2Fwp%2Fv2%2Fproduct_brand&post=6247"},{"taxonomy":"product_cat","embeddable":true,"href":"https:\/\/lifeseguridad.com\/index.php?rest_route=%2Fwp%2Fv2%2Fproduct_cat&post=6247"},{"taxonomy":"product_tag","embeddable":true,"href":"https:\/\/lifeseguridad.com\/index.php?rest_route=%2Fwp%2Fv2%2Fproduct_tag&post=6247"}],"curies":[{"name":"wp","href":"https:\/\/api.w.org\/{rel}","templated":true}]}}