{"id":6320,"date":"2023-04-16T13:03:12","date_gmt":"2023-04-16T18:03:12","guid":{"rendered":"https:\/\/lifeseguridad.com\/?post_type=product&#038;p=6320"},"modified":"2024-01-15T12:12:43","modified_gmt":"2024-01-15T17:12:43","slug":"barrera-vehicular-derecha-brazo-6-metros-zk","status":"publish","type":"product","link":"https:\/\/lifeseguridad.com\/?product=barrera-vehicular-derecha-brazo-6-metros-zk","title":{"rendered":"BARRERA VEHICULAR DERECHA BRAZO 6 METROS ZK"},"content":{"rendered":"<p><a href=\"https:\/\/lifeseguridad.com\/wp-content\/uploads\/2023\/04\/ZK-BG1060L.pdf\" target=\"_blank\" rel=\"noopener\">VER FICHA<\/a><\/p>\n<p>Las barreras vehiculares de la serie BG1000, integran un gabinete de dise\u00f1o LED interactivo de ZKTeco, panel de control programable y un motor DC de alta eficiencia sin escobillas, y un sistema de transmisi\u00f3n por engranajes de acero SCM421. Tiene la ventaja de una velocidad r\u00e1pida, calidad estable y una variedad de funciones de expansi\u00f3n. Es una barrera vehicular con el mejor rendimiento integral.<\/p>\n<p>\u2022\tLa velocidad de funcionamiento m\u00e1s r\u00e1pida es de 1,5 s, la velocidad se puede ajustar de acuerdo con diferentes longitudes del brazo de la pluma<\/p>\n<p>\u2022\tInvertibilidad en direcci\u00f3n izquierda y derecha, mecanismo de transmisi\u00f3n simple y compacto, f\u00e1cil de instalar en el sitio<\/p>\n<p>\u2022\tDise\u00f1o patentado LED de chasis interactivo, elegante y hermoso<\/p>\n<p>\u2022\tMonitoreo de control digital, soporte de retardo de cierre autom\u00e1tico, prueba autom\u00e1tica, funciones de salida de visualizaci\u00f3n de estado de subida \/ bajada<\/p>\n<p>\u2022\tAlta seguridad, soporte de apagado autom\u00e1tico o manual del brazo de la pluma de elevaci\u00f3n, funciones anti-aplastamiento, enlace de fuego<\/p>\n<p>\u2022\tLa posici\u00f3n del \u00e1ngulo de subida \/ bajada se puede ajustar, y se adopta el codificador digital para limitar la posici\u00f3n autom\u00e1ticamente, reemplazando la estructura de l\u00edmite tradicional, y el control de posici\u00f3n es preciso<\/p>\n<p>\u2022\tSe puede usar una bater\u00eda de respaldo de 24 V para garantizar el funcionamiento normal de la m\u00e1quina cuando se corta la energ\u00eda<\/p>\n<p>\u2022\tEl chasis utiliza una hoja de metal de 2,0 mm, proceso de producci\u00f3n de pulverizaci\u00f3n electrofor\u00e9tica y de polvo<\/p>\n<p>\u2022\tEl brazo rebotar\u00e1 cuando est\u00e9 bloqueado<\/p>\n","protected":false},"excerpt":{"rendered":"<p><a href=\"https:\/\/lifeseguridad.com\/wp-content\/uploads\/2023\/04\/ZK-BG1060L.pdf\" target=\"_blank\" rel=\"noopener\">VER FICHA<\/a><\/p>\n","protected":false},"featured_media":6321,"comment_status":"open","ping_status":"closed","template":"","meta":{"inline_featured_image":false},"product_brand":[],"product_cat":[240],"product_tag":[],"class_list":{"0":"post-6320","1":"product","2":"type-product","3":"status-publish","4":"has-post-thumbnail","6":"product_cat-barrera-vehicular","8":"first","9":"instock","10":"taxable","11":"shipping-taxable","12":"product-type-simple"},"aioseo_notices":[],"_links":{"self":[{"href":"https:\/\/lifeseguridad.com\/index.php?rest_route=\/wp\/v2\/product\/6320","targetHints":{"allow":["GET"]}}],"collection":[{"href":"https:\/\/lifeseguridad.com\/index.php?rest_route=\/wp\/v2\/product"}],"about":[{"href":"https:\/\/lifeseguridad.com\/index.php?rest_route=\/wp\/v2\/types\/product"}],"replies":[{"embeddable":true,"href":"https:\/\/lifeseguridad.com\/index.php?rest_route=%2Fwp%2Fv2%2Fcomments&post=6320"}],"wp:featuredmedia":[{"embeddable":true,"href":"https:\/\/lifeseguridad.com\/index.php?rest_route=\/wp\/v2\/media\/6321"}],"wp:attachment":[{"href":"https:\/\/lifeseguridad.com\/index.php?rest_route=%2Fwp%2Fv2%2Fmedia&parent=6320"}],"wp:term":[{"taxonomy":"product_brand","embeddable":true,"href":"https:\/\/lifeseguridad.com\/index.php?rest_route=%2Fwp%2Fv2%2Fproduct_brand&post=6320"},{"taxonomy":"product_cat","embeddable":true,"href":"https:\/\/lifeseguridad.com\/index.php?rest_route=%2Fwp%2Fv2%2Fproduct_cat&post=6320"},{"taxonomy":"product_tag","embeddable":true,"href":"https:\/\/lifeseguridad.com\/index.php?rest_route=%2Fwp%2Fv2%2Fproduct_tag&post=6320"}],"curies":[{"name":"wp","href":"https:\/\/api.w.org\/{rel}","templated":true}]}}