{"id":6334,"date":"2023-04-16T21:02:16","date_gmt":"2023-04-17T02:02:16","guid":{"rendered":"https:\/\/lifeseguridad.com\/?post_type=product&#038;p=6334"},"modified":"2024-01-15T12:12:43","modified_gmt":"2024-01-15T17:12:43","slug":"radar-sensor-detector-de-vehiculos-y-personas-1-a-6mts-zk","status":"publish","type":"product","link":"https:\/\/lifeseguridad.com\/?product=radar-sensor-detector-de-vehiculos-y-personas-1-a-6mts-zk","title":{"rendered":"RADAR SENSOR DETECTOR DE VEHICULOS Y PERSONAS 1 A 6MTS ZK"},"content":{"rendered":"<p><a href=\"https:\/\/lifeseguridad.com\/wp-content\/uploads\/2023\/04\/ZK-VR10-PRO.pdf\" target=\"_blank\" rel=\"noopener\">VER FICHA<\/a><\/p>\n<p>El radar VR10 es ideal para detectar la presencia de un veh\u00edculo o una persona en el \u00e1rea de movimiento de la barrera veh\u00edcular evitando accidentes durante la operaci\u00f3n, adem\u00e1s realiza el cierre autom\u00e1tico de la barrera veh\u00edcular una vez que el veh\u00edculo se ha ido. Su funcionamiento simple y f\u00e1cil de instalar permite al instalador disminuir costos y tiempo durante la instalaci\u00f3n del sistema comparado con los detectores de veh\u00edculos tradicionales.<\/p>\n<p>\u2022\tSoporte de detecci\u00f3n de veh\u00edculos y personas.<\/p>\n<p>\u2022\tInstalaci\u00f3n flexible; depuraci\u00f3n f\u00e1cil<\/p>\n<p>\u2022\tInmunidad a las condiciones clim\u00e1ticas ambientales.<\/p>\n<p>\u2022\tLa distancia de detecci\u00f3n se puede ajustar de 1m a 6m.<\/p>\n<p>\u2022\tAdmite comunicaci\u00f3n RS485, se puede actualizar y depurar en l\u00ednea<\/p>\n<p>\u2022\tPluma recta (por defecto); pluma plegable, pluma de cerca y pluma publicitaria (opcional)<\/p>\n","protected":false},"excerpt":{"rendered":"<p><a href=\"https:\/\/lifeseguridad.com\/wp-content\/uploads\/2023\/04\/ZK-VR10-PRO.pdf\" target=\"_blank\" rel=\"noopener\">VER FICHA<\/a><\/p>\n","protected":false},"featured_media":6336,"comment_status":"open","ping_status":"closed","template":"","meta":{"inline_featured_image":false},"product_brand":[],"product_cat":[240,233],"product_tag":[],"class_list":{"0":"post-6334","1":"product","2":"type-product","3":"status-publish","4":"has-post-thumbnail","6":"product_cat-barrera-vehicular","7":"product_cat-control-de-acceso","9":"first","10":"instock","11":"taxable","12":"shipping-taxable","13":"product-type-simple"},"aioseo_notices":[],"_links":{"self":[{"href":"https:\/\/lifeseguridad.com\/index.php?rest_route=\/wp\/v2\/product\/6334","targetHints":{"allow":["GET"]}}],"collection":[{"href":"https:\/\/lifeseguridad.com\/index.php?rest_route=\/wp\/v2\/product"}],"about":[{"href":"https:\/\/lifeseguridad.com\/index.php?rest_route=\/wp\/v2\/types\/product"}],"replies":[{"embeddable":true,"href":"https:\/\/lifeseguridad.com\/index.php?rest_route=%2Fwp%2Fv2%2Fcomments&post=6334"}],"wp:featuredmedia":[{"embeddable":true,"href":"https:\/\/lifeseguridad.com\/index.php?rest_route=\/wp\/v2\/media\/6336"}],"wp:attachment":[{"href":"https:\/\/lifeseguridad.com\/index.php?rest_route=%2Fwp%2Fv2%2Fmedia&parent=6334"}],"wp:term":[{"taxonomy":"product_brand","embeddable":true,"href":"https:\/\/lifeseguridad.com\/index.php?rest_route=%2Fwp%2Fv2%2Fproduct_brand&post=6334"},{"taxonomy":"product_cat","embeddable":true,"href":"https:\/\/lifeseguridad.com\/index.php?rest_route=%2Fwp%2Fv2%2Fproduct_cat&post=6334"},{"taxonomy":"product_tag","embeddable":true,"href":"https:\/\/lifeseguridad.com\/index.php?rest_route=%2Fwp%2Fv2%2Fproduct_tag&post=6334"}],"curies":[{"name":"wp","href":"https:\/\/api.w.org\/{rel}","templated":true}]}}