{"id":6385,"date":"2023-07-10T12:17:07","date_gmt":"2023-07-10T17:17:07","guid":{"rendered":"https:\/\/lifeseguridad.com\/?post_type=product&#038;p=6385"},"modified":"2024-01-15T12:12:45","modified_gmt":"2024-01-15T17:12:45","slug":"sensor-magnetico-semipesado-marca-seco-larm","status":"publish","type":"product","link":"https:\/\/lifeseguridad.com\/?product=sensor-magnetico-semipesado-marca-seco-larm","title":{"rendered":"SENSOR MAGNETICO SEMIPESADO MARCA SECO LARM"},"content":{"rendered":"<p>CONTACTO MAGN\u00c9TICO DE USO RUDO, CAF\u00c9, ALIMENTACI\u00d3N 100 VDC, VOLTAJE SOPORTADO 10 VDC CORRIENTE M\u00c1XIMA SOPORTADA 1A, CONSUMO 10W, TEMPERATURA DE FUNCIONAMIENTO -25\u00b0C A 70\u00b0C.<\/p>\n<p>EL CONTACTO MAGN\u00c9TICO TIENE COMO FUNCI\u00d3N PRINCIPAL PROTEGER PUERTAS Y VENTANAS, EN CUANTO EL DISPOSITIVO DETECTA LA APERTURA O EXISTE UNA SEPARACI\u00d3N DE LA HOJA CON EL IM\u00c1N, EL CIRCUITO ENV\u00cdA UNA SE\u00d1AL AL PANEL Y ESTE POR MEDIO DE DISPOSITIVOS DE NOTIFICACI\u00d3N ACTIVA LA ALARMA.<\/p>\n","protected":false},"excerpt":{"rendered":"<p>Cotizar ahora<\/p>\n","protected":false},"featured_media":6959,"comment_status":"open","ping_status":"closed","template":"","meta":{"inline_featured_image":false},"product_brand":[],"product_cat":[208],"product_tag":[],"class_list":{"0":"post-6385","1":"product","2":"type-product","3":"status-publish","4":"has-post-thumbnail","6":"product_cat-sensor-magnetico","8":"first","9":"instock","10":"taxable","11":"shipping-taxable","12":"product-type-simple"},"aioseo_notices":[],"_links":{"self":[{"href":"https:\/\/lifeseguridad.com\/index.php?rest_route=\/wp\/v2\/product\/6385","targetHints":{"allow":["GET"]}}],"collection":[{"href":"https:\/\/lifeseguridad.com\/index.php?rest_route=\/wp\/v2\/product"}],"about":[{"href":"https:\/\/lifeseguridad.com\/index.php?rest_route=\/wp\/v2\/types\/product"}],"replies":[{"embeddable":true,"href":"https:\/\/lifeseguridad.com\/index.php?rest_route=%2Fwp%2Fv2%2Fcomments&post=6385"}],"wp:featuredmedia":[{"embeddable":true,"href":"https:\/\/lifeseguridad.com\/index.php?rest_route=\/wp\/v2\/media\/6959"}],"wp:attachment":[{"href":"https:\/\/lifeseguridad.com\/index.php?rest_route=%2Fwp%2Fv2%2Fmedia&parent=6385"}],"wp:term":[{"taxonomy":"product_brand","embeddable":true,"href":"https:\/\/lifeseguridad.com\/index.php?rest_route=%2Fwp%2Fv2%2Fproduct_brand&post=6385"},{"taxonomy":"product_cat","embeddable":true,"href":"https:\/\/lifeseguridad.com\/index.php?rest_route=%2Fwp%2Fv2%2Fproduct_cat&post=6385"},{"taxonomy":"product_tag","embeddable":true,"href":"https:\/\/lifeseguridad.com\/index.php?rest_route=%2Fwp%2Fv2%2Fproduct_tag&post=6385"}],"curies":[{"name":"wp","href":"https:\/\/api.w.org\/{rel}","templated":true}]}}