{"id":6541,"date":"2023-07-15T10:42:26","date_gmt":"2023-07-15T15:42:26","guid":{"rendered":"https:\/\/lifeseguridad.com\/?post_type=product&#038;p=6541"},"modified":"2024-01-15T12:14:49","modified_gmt":"2024-01-15T17:14:49","slug":"camara-domo-ip-con-ir-ext-2mp-l-varifocal-2-8-12mm-hikvision","status":"publish","type":"product","link":"https:\/\/lifeseguridad.com\/?product=camara-domo-ip-con-ir-ext-2mp-l-varifocal-2-8-12mm-hikvision","title":{"rendered":"CAMARA DOMO IP CON IR EXT 2MP L\/VARIFOCAL 2.8-12MM HIKVISION"},"content":{"rendered":"<ul style=\"font-weight: 400;\">\n<li>Im\u00e1genes de alta calidad con resoluci\u00f3n de 2 MP<\/li>\n<li>Tecnolog\u00eda de compresi\u00f3n eficiente H.265+<\/li>\n<li>Im\u00e1genes n\u00edtidas incluso con una fuerte retroiluminaci\u00f3n gracias a la tecnolog\u00eda DWDR<\/li>\n<li>Ranura para tarjeta SD de hasta 256 GB para almacenamiento<\/li>\n<li>Lente varifocal motorizada de 2,8 a 12 mm para facilitar la instalaci\u00f3n y el control<\/li>\n<li>Resistente al agua y al polvo (IP67), a prueba de vandalismo (IK10)<\/li>\n<li>EXIR 2.0: tecnolog\u00eda infrarroja avanzada con largo alcance IR<\/li>\n<\/ul>\n","protected":false},"excerpt":{"rendered":"<p>Cotizar ahora<\/p>\n","protected":false},"featured_media":6542,"comment_status":"open","ping_status":"closed","template":"","meta":{"inline_featured_image":false},"product_brand":[],"product_cat":[221],"product_tag":[],"class_list":{"0":"post-6541","1":"product","2":"type-product","3":"status-publish","4":"has-post-thumbnail","6":"product_cat-camara-domo-fija","8":"first","9":"instock","10":"taxable","11":"shipping-taxable","12":"product-type-simple"},"aioseo_notices":[],"_links":{"self":[{"href":"https:\/\/lifeseguridad.com\/index.php?rest_route=\/wp\/v2\/product\/6541","targetHints":{"allow":["GET"]}}],"collection":[{"href":"https:\/\/lifeseguridad.com\/index.php?rest_route=\/wp\/v2\/product"}],"about":[{"href":"https:\/\/lifeseguridad.com\/index.php?rest_route=\/wp\/v2\/types\/product"}],"replies":[{"embeddable":true,"href":"https:\/\/lifeseguridad.com\/index.php?rest_route=%2Fwp%2Fv2%2Fcomments&post=6541"}],"wp:featuredmedia":[{"embeddable":true,"href":"https:\/\/lifeseguridad.com\/index.php?rest_route=\/wp\/v2\/media\/6542"}],"wp:attachment":[{"href":"https:\/\/lifeseguridad.com\/index.php?rest_route=%2Fwp%2Fv2%2Fmedia&parent=6541"}],"wp:term":[{"taxonomy":"product_brand","embeddable":true,"href":"https:\/\/lifeseguridad.com\/index.php?rest_route=%2Fwp%2Fv2%2Fproduct_brand&post=6541"},{"taxonomy":"product_cat","embeddable":true,"href":"https:\/\/lifeseguridad.com\/index.php?rest_route=%2Fwp%2Fv2%2Fproduct_cat&post=6541"},{"taxonomy":"product_tag","embeddable":true,"href":"https:\/\/lifeseguridad.com\/index.php?rest_route=%2Fwp%2Fv2%2Fproduct_tag&post=6541"}],"curies":[{"name":"wp","href":"https:\/\/api.w.org\/{rel}","templated":true}]}}