{"id":6569,"date":"2023-07-17T11:03:02","date_gmt":"2023-07-17T16:03:02","guid":{"rendered":"https:\/\/lifeseguridad.com\/?post_type=product&#038;p=6569"},"modified":"2024-01-15T12:14:51","modified_gmt":"2024-01-15T17:14:51","slug":"teclado-pantalla-tactil-cableado-dsc","status":"publish","type":"product","link":"https:\/\/lifeseguridad.com\/?product=teclado-pantalla-tactil-cableado-dsc","title":{"rendered":"TECLADO PANTALLA TACTIL CABLEADO DSC"},"content":{"rendered":"<ul>\n<li>Interfaz de usuario intuitiva guiada por men\u00fas.<\/li>\n<li>Pantalla t\u00e1ctil a color de 7&#8243; (177,8 mm), de alta resoluci\u00f3n y sensibilidad.<\/li>\n<li>Pantalla de inicio configurable.<\/li>\n<li>Portarretrato digital integrado y f\u00e1cil de actualizar utilizando la ranura para tarjeta SD.<\/li>\n<li>Carcasa de bajo perfil en blanco o negro que combina con cualquier tipo de decoraci\u00f3n.<\/li>\n<li>Indicadores LED de f\u00e1cil lectura (Listo, Armado, Fallo y Alimentaci\u00f3n de CA).<\/li>\n<li>Los usuarios autorizados pueden personalizar f\u00e1cilmente la pantalla de inicio para que muestre los \u00edconos m\u00e1s utilizados.<\/li>\n<li>Visualizaci\u00f3n de fecha y hora.<\/li>\n<li>Preparada para men\u00fas interactivos, terminal de entrada\/salida.<\/li>\n<li>Actualizaci\u00f3n local del firmware de la interfaz gr\u00e1fica a trav\u00e9s de tarjeta SD.<\/li>\n<li>Soporta operaci\u00f3n por proximidad (con mini tags MPT).<\/li>\n<li>Idiomas disponibles: Ingl\u00e9s, franc\u00e9s, espa\u00f1ol, portugu\u00e9s.<\/li>\n<\/ul>\n","protected":false},"excerpt":{"rendered":"<p>Cotizar ahora<\/p>\n","protected":false},"featured_media":6570,"comment_status":"open","ping_status":"closed","template":"","meta":{"inline_featured_image":false},"product_brand":[],"product_cat":[205],"product_tag":[],"class_list":{"0":"post-6569","1":"product","2":"type-product","3":"status-publish","4":"has-post-thumbnail","6":"product_cat-teclados","8":"first","9":"instock","10":"taxable","11":"shipping-taxable","12":"product-type-simple"},"aioseo_notices":[],"_links":{"self":[{"href":"https:\/\/lifeseguridad.com\/index.php?rest_route=\/wp\/v2\/product\/6569","targetHints":{"allow":["GET"]}}],"collection":[{"href":"https:\/\/lifeseguridad.com\/index.php?rest_route=\/wp\/v2\/product"}],"about":[{"href":"https:\/\/lifeseguridad.com\/index.php?rest_route=\/wp\/v2\/types\/product"}],"replies":[{"embeddable":true,"href":"https:\/\/lifeseguridad.com\/index.php?rest_route=%2Fwp%2Fv2%2Fcomments&post=6569"}],"wp:featuredmedia":[{"embeddable":true,"href":"https:\/\/lifeseguridad.com\/index.php?rest_route=\/wp\/v2\/media\/6570"}],"wp:attachment":[{"href":"https:\/\/lifeseguridad.com\/index.php?rest_route=%2Fwp%2Fv2%2Fmedia&parent=6569"}],"wp:term":[{"taxonomy":"product_brand","embeddable":true,"href":"https:\/\/lifeseguridad.com\/index.php?rest_route=%2Fwp%2Fv2%2Fproduct_brand&post=6569"},{"taxonomy":"product_cat","embeddable":true,"href":"https:\/\/lifeseguridad.com\/index.php?rest_route=%2Fwp%2Fv2%2Fproduct_cat&post=6569"},{"taxonomy":"product_tag","embeddable":true,"href":"https:\/\/lifeseguridad.com\/index.php?rest_route=%2Fwp%2Fv2%2Fproduct_tag&post=6569"}],"curies":[{"name":"wp","href":"https:\/\/api.w.org\/{rel}","templated":true}]}}