{"id":6575,"date":"2023-07-17T11:27:42","date_gmt":"2023-07-17T16:27:42","guid":{"rendered":"https:\/\/lifeseguridad.com\/?post_type=product&#038;p=6575"},"modified":"2024-01-15T12:14:51","modified_gmt":"2024-01-15T17:14:51","slug":"repetidor-de-senal-inalambrica-para-paneles-dsc","status":"publish","type":"product","link":"https:\/\/lifeseguridad.com\/?product=repetidor-de-senal-inalambrica-para-paneles-dsc","title":{"rendered":"REPETIDOR DE SE\u00d1AL INALAMBRICA PARA PANELES DSC"},"content":{"rendered":"<ul>\n<li>S\u00f3lida tecnolog\u00eda inal\u00e1mbrica para aplicaciones comerciales<\/li>\n<li>Extiende el alcance de las comunicaciones entre el sistema de alarma.<\/li>\n<li>LED para indicaci\u00f3n visible de la calidad del enlace<\/li>\n<li>Se alimenta con AC, con bater\u00eda de respaldo recargable de 48 horas<\/li>\n<li>LEDs indicadores de estado para falla de alimentaci\u00f3n, actividad y diagn\u00f3sticos para la instalaci\u00f3n<\/li>\n<li>Protecci\u00f3n antisabotaje de pared y carcasa\n<p>Compatible con sistemas PowerSeries Neo<\/li>\n<\/ul>\n","protected":false},"excerpt":{"rendered":"<p>Cotizar ahora<\/p>\n","protected":false},"featured_media":6576,"comment_status":"open","ping_status":"closed","template":"","meta":{"inline_featured_image":false},"product_brand":[],"product_cat":[288],"product_tag":[],"class_list":{"0":"post-6575","1":"product","2":"type-product","3":"status-publish","4":"has-post-thumbnail","6":"product_cat-sin-categorizar","8":"first","9":"instock","10":"taxable","11":"shipping-taxable","12":"product-type-simple"},"aioseo_notices":[],"_links":{"self":[{"href":"https:\/\/lifeseguridad.com\/index.php?rest_route=\/wp\/v2\/product\/6575","targetHints":{"allow":["GET"]}}],"collection":[{"href":"https:\/\/lifeseguridad.com\/index.php?rest_route=\/wp\/v2\/product"}],"about":[{"href":"https:\/\/lifeseguridad.com\/index.php?rest_route=\/wp\/v2\/types\/product"}],"replies":[{"embeddable":true,"href":"https:\/\/lifeseguridad.com\/index.php?rest_route=%2Fwp%2Fv2%2Fcomments&post=6575"}],"wp:featuredmedia":[{"embeddable":true,"href":"https:\/\/lifeseguridad.com\/index.php?rest_route=\/wp\/v2\/media\/6576"}],"wp:attachment":[{"href":"https:\/\/lifeseguridad.com\/index.php?rest_route=%2Fwp%2Fv2%2Fmedia&parent=6575"}],"wp:term":[{"taxonomy":"product_brand","embeddable":true,"href":"https:\/\/lifeseguridad.com\/index.php?rest_route=%2Fwp%2Fv2%2Fproduct_brand&post=6575"},{"taxonomy":"product_cat","embeddable":true,"href":"https:\/\/lifeseguridad.com\/index.php?rest_route=%2Fwp%2Fv2%2Fproduct_cat&post=6575"},{"taxonomy":"product_tag","embeddable":true,"href":"https:\/\/lifeseguridad.com\/index.php?rest_route=%2Fwp%2Fv2%2Fproduct_tag&post=6575"}],"curies":[{"name":"wp","href":"https:\/\/api.w.org\/{rel}","templated":true}]}}