{"id":6583,"date":"2023-07-20T15:00:38","date_gmt":"2023-07-20T20:00:38","guid":{"rendered":"https:\/\/lifeseguridad.com\/?post_type=product&#038;p=6583"},"modified":"2024-01-15T12:14:51","modified_gmt":"2024-01-15T17:14:51","slug":"grabador-dvr-4ch-acusense-1080p-hdmi-1hdd-hikvision","status":"publish","type":"product","link":"https:\/\/lifeseguridad.com\/?product=grabador-dvr-4ch-acusense-1080p-hdmi-1hdd-hikvision","title":{"rendered":"GRABADOR DVR 4CH ACUSENSE 1080P HDMI 1HDD HIKVISION"},"content":{"rendered":"<ul style=\"font-weight: 400;\">\n<li>Entrada y transmisi\u00f3n de video<\/li>\n<li>Entrada de se\u00f1al HDTVI \/ HDCVI \/ AHD \/ CVBS autoadaptativa<\/li>\n<li>Entrada de c\u00e1maras IP de hasta 2 canales y 4 MP<\/li>\n<li>Transmisi\u00f3n de larga distancia por UTP y cable coaxial: m\u00e1x. 800m para 1080p y 1200m para se\u00f1al HDTVI de 720p<\/li>\n<li>Compresi\u00f3n y Grabaci\u00f3n<\/li>\n<li>Enco Codificaci\u00f3n H.265 + \/ H.265 \/ H.264 + \/ H.264 para la transmisi\u00f3n principal y H.265 \/ H.264 para la transmisi\u00f3n secundaria de c\u00e1maras anal\u00f3gicas<\/li>\n<li>Conectable a c\u00e1maras IP H.265 + \/ H.265 \/ H.264 + \/ H.264 .2 H.265 + se puede habilitar para mejorar la eficiencia de codificaci\u00f3n y reducir los costos de almacenamiento de datos<\/li>\n<li>Resoluci\u00f3n de hasta 3 MP para grabar<\/li>\n<li>Admite 1080p lite en tiempo real y cuando est\u00e1 habilitado, el efecto de imagen es similar a 1080p<\/li>\n<li>Salida de video<\/li>\n<li>Salida simult\u00e1nea HDMI \/ VGA<\/li>\n<li>Salida HDMI a una resoluci\u00f3n de hasta 4K (3840 \u00d7 2160) para DS-7216HQHI-K1<\/li>\n<li>Salida CVBS separada<\/li>\n<li>Almacenamiento y Reproducci\u00f3n<\/li>\n<li>1 interfaz SATA (hasta 6 TB de capacidad por HDD)<\/li>\n<li>Playback Reproducci\u00f3n s\u00edncrona de 4\/8\/16 canales<\/li>\n<li>B\u00fasqueda inteligente para una reproducci\u00f3n eficiente<\/li>\n<li>Soporta los 3 almacenamiento en la nube de terceros (Dropbox \/ Google Drive \/ Microsoft OneDrive)<\/li>\n<li>Funci\u00f3n inteligente<\/li>\n<li>Admite m\u00faltiples eventos VCA (Video Content Analytics) para c\u00e1maras IP anal\u00f3gicas e inteligentes<\/li>\n<li>DS-7204 \/ 7208HQHI-K1 admite detecci\u00f3n de cruce de l\u00ednea de 2 canales y detecci\u00f3n de intrusi\u00f3n; DS-7216HQHI-K1 admite l\u00ednea de 2 canales detecci\u00f3n de cruce y detecci\u00f3n de intrusos, y detecci\u00f3n de cambio de escena repentino de 1 canal<\/li>\n<\/ul>\n","protected":false},"excerpt":{"rendered":"<p>Cotizar ahora<\/p>\n","protected":false},"featured_media":6653,"comment_status":"open","ping_status":"closed","template":"","meta":{"inline_featured_image":false},"product_brand":[],"product_cat":[228],"product_tag":[],"class_list":{"0":"post-6583","1":"product","2":"type-product","3":"status-publish","4":"has-post-thumbnail","6":"product_cat-dvr","8":"first","9":"instock","10":"taxable","11":"shipping-taxable","12":"product-type-simple"},"aioseo_notices":[],"_links":{"self":[{"href":"https:\/\/lifeseguridad.com\/index.php?rest_route=\/wp\/v2\/product\/6583","targetHints":{"allow":["GET"]}}],"collection":[{"href":"https:\/\/lifeseguridad.com\/index.php?rest_route=\/wp\/v2\/product"}],"about":[{"href":"https:\/\/lifeseguridad.com\/index.php?rest_route=\/wp\/v2\/types\/product"}],"replies":[{"embeddable":true,"href":"https:\/\/lifeseguridad.com\/index.php?rest_route=%2Fwp%2Fv2%2Fcomments&post=6583"}],"wp:featuredmedia":[{"embeddable":true,"href":"https:\/\/lifeseguridad.com\/index.php?rest_route=\/wp\/v2\/media\/6653"}],"wp:attachment":[{"href":"https:\/\/lifeseguridad.com\/index.php?rest_route=%2Fwp%2Fv2%2Fmedia&parent=6583"}],"wp:term":[{"taxonomy":"product_brand","embeddable":true,"href":"https:\/\/lifeseguridad.com\/index.php?rest_route=%2Fwp%2Fv2%2Fproduct_brand&post=6583"},{"taxonomy":"product_cat","embeddable":true,"href":"https:\/\/lifeseguridad.com\/index.php?rest_route=%2Fwp%2Fv2%2Fproduct_cat&post=6583"},{"taxonomy":"product_tag","embeddable":true,"href":"https:\/\/lifeseguridad.com\/index.php?rest_route=%2Fwp%2Fv2%2Fproduct_tag&post=6583"}],"curies":[{"name":"wp","href":"https:\/\/api.w.org\/{rel}","templated":true}]}}