{"id":6585,"date":"2023-07-20T15:05:41","date_gmt":"2023-07-20T20:05:41","guid":{"rendered":"https:\/\/lifeseguridad.com\/?post_type=product&#038;p=6585"},"modified":"2024-01-15T12:14:52","modified_gmt":"2024-01-15T17:14:52","slug":"grabador-dvr-4ch-acusense-1080p-hdmi-1hdd-hikvision-2","status":"publish","type":"product","link":"https:\/\/lifeseguridad.com\/?product=grabador-dvr-4ch-acusense-1080p-hdmi-1hdd-hikvision-2","title":{"rendered":"GRABADOR DVR 4CH ACUSENSE 1080P HDMI 1HDD.HIKVISION"},"content":{"rendered":"<ul style=\"font-weight: 400;\">\n<li>4 canales y 1 HDD 1U AcuSense DVR<\/li>\n<li>Admite reconocimiento facial o reducci\u00f3n de falsas alarmas basado en un algoritmo de aprendizaje profundo<\/li>\n<li>Admite la comparaci\u00f3n de im\u00e1genes faciales y la b\u00fasqueda de im\u00e1genes faciales<\/li>\n<li>Hasta 16 bibliotecas de im\u00e1genes de rostros, con hasta 500 im\u00e1genes de rostros en total<\/li>\n<li>Eficiente tecnolog\u00eda de compresi\u00f3n H.265 pro+<\/li>\n<li>Capacidad de codificaci\u00f3n de hasta 1080p a 15 fps<\/li>\n<li>Entrada de 5 se\u00f1ales adaptable (HDTVI\/AHD\/CVI\/CVBS\/IP)<\/li>\n<li>Se pueden conectar hasta 6 c\u00e1maras de red<\/li>\n<\/ul>\n","protected":false},"excerpt":{"rendered":"<p>Cotizar ahora<\/p>\n","protected":false},"featured_media":6654,"comment_status":"open","ping_status":"closed","template":"","meta":{"inline_featured_image":false},"product_brand":[],"product_cat":[228],"product_tag":[],"class_list":{"0":"post-6585","1":"product","2":"type-product","3":"status-publish","4":"has-post-thumbnail","6":"product_cat-dvr","8":"first","9":"instock","10":"taxable","11":"shipping-taxable","12":"product-type-simple"},"aioseo_notices":[],"_links":{"self":[{"href":"https:\/\/lifeseguridad.com\/index.php?rest_route=\/wp\/v2\/product\/6585","targetHints":{"allow":["GET"]}}],"collection":[{"href":"https:\/\/lifeseguridad.com\/index.php?rest_route=\/wp\/v2\/product"}],"about":[{"href":"https:\/\/lifeseguridad.com\/index.php?rest_route=\/wp\/v2\/types\/product"}],"replies":[{"embeddable":true,"href":"https:\/\/lifeseguridad.com\/index.php?rest_route=%2Fwp%2Fv2%2Fcomments&post=6585"}],"wp:featuredmedia":[{"embeddable":true,"href":"https:\/\/lifeseguridad.com\/index.php?rest_route=\/wp\/v2\/media\/6654"}],"wp:attachment":[{"href":"https:\/\/lifeseguridad.com\/index.php?rest_route=%2Fwp%2Fv2%2Fmedia&parent=6585"}],"wp:term":[{"taxonomy":"product_brand","embeddable":true,"href":"https:\/\/lifeseguridad.com\/index.php?rest_route=%2Fwp%2Fv2%2Fproduct_brand&post=6585"},{"taxonomy":"product_cat","embeddable":true,"href":"https:\/\/lifeseguridad.com\/index.php?rest_route=%2Fwp%2Fv2%2Fproduct_cat&post=6585"},{"taxonomy":"product_tag","embeddable":true,"href":"https:\/\/lifeseguridad.com\/index.php?rest_route=%2Fwp%2Fv2%2Fproduct_tag&post=6585"}],"curies":[{"name":"wp","href":"https:\/\/api.w.org\/{rel}","templated":true}]}}