{"id":6587,"date":"2023-07-20T15:11:05","date_gmt":"2023-07-20T20:11:05","guid":{"rendered":"https:\/\/lifeseguridad.com\/?post_type=product&#038;p=6587"},"modified":"2024-01-15T12:14:53","modified_gmt":"2024-01-15T17:14:53","slug":"grabador-dvr-4ch-acusense-1080p-hdmi-1hdd-220v-hikvision","status":"publish","type":"product","link":"https:\/\/lifeseguridad.com\/?product=grabador-dvr-4ch-acusense-1080p-hdmi-1hdd-220v-hikvision","title":{"rendered":"GRABADOR DVR 4CH ACUSENSE 1080P HDMI 1HDD &#8211; 220V HIKVISION"},"content":{"rendered":"<ul>\n<li>\n<p class=\"lead\">DVR AcuSense de 4 canales y 5 MP 1U H.265<\/p>\n<\/li>\n<li>\n<p class=\"lead o_default_snippet_text\">4 canales y 1 HDD 1U AcuSense DVR<\/p>\n<\/li>\n<li>\n<p class=\"lead o_default_snippet_text\">Reducci\u00f3n de falsas alarmas por clasificaci\u00f3n de objetivos humanos y de veh\u00edculos basada en aprendizaje profundo<\/p>\n<\/li>\n<li>\n<p class=\"lead o_default_snippet_text\">Tecnolog\u00eda de compresi\u00f3n eficiente H.265 pro +<\/p>\n<\/li>\n<li>\n<p class=\"lead o_default_snippet_text\">Capacidad de codificaci\u00f3n hasta 8 MP lite @ 15 fps, 5 MP @ 12 fps<\/p>\n<\/li>\n<li>\n<p class=\"lead o_default_snippet_text\">Entrada de 5 se\u00f1ales adaptativamente (HDTVI \/ AHD \/ CVI \/ CVBS \/ IP)<\/p>\n<\/li>\n<li>\n<p class=\"lead\">Se pueden conectar hasta 8 c\u00e1maras de red.<\/p>\n<\/li>\n<\/ul>\n","protected":false},"excerpt":{"rendered":"<p>Cotizar ahora<\/p>\n","protected":false},"featured_media":6656,"comment_status":"open","ping_status":"closed","template":"","meta":{"inline_featured_image":false},"product_brand":[],"product_cat":[228],"product_tag":[],"class_list":{"0":"post-6587","1":"product","2":"type-product","3":"status-publish","4":"has-post-thumbnail","6":"product_cat-dvr","8":"first","9":"instock","10":"taxable","11":"shipping-taxable","12":"product-type-simple"},"aioseo_notices":[],"_links":{"self":[{"href":"https:\/\/lifeseguridad.com\/index.php?rest_route=\/wp\/v2\/product\/6587","targetHints":{"allow":["GET"]}}],"collection":[{"href":"https:\/\/lifeseguridad.com\/index.php?rest_route=\/wp\/v2\/product"}],"about":[{"href":"https:\/\/lifeseguridad.com\/index.php?rest_route=\/wp\/v2\/types\/product"}],"replies":[{"embeddable":true,"href":"https:\/\/lifeseguridad.com\/index.php?rest_route=%2Fwp%2Fv2%2Fcomments&post=6587"}],"wp:featuredmedia":[{"embeddable":true,"href":"https:\/\/lifeseguridad.com\/index.php?rest_route=\/wp\/v2\/media\/6656"}],"wp:attachment":[{"href":"https:\/\/lifeseguridad.com\/index.php?rest_route=%2Fwp%2Fv2%2Fmedia&parent=6587"}],"wp:term":[{"taxonomy":"product_brand","embeddable":true,"href":"https:\/\/lifeseguridad.com\/index.php?rest_route=%2Fwp%2Fv2%2Fproduct_brand&post=6587"},{"taxonomy":"product_cat","embeddable":true,"href":"https:\/\/lifeseguridad.com\/index.php?rest_route=%2Fwp%2Fv2%2Fproduct_cat&post=6587"},{"taxonomy":"product_tag","embeddable":true,"href":"https:\/\/lifeseguridad.com\/index.php?rest_route=%2Fwp%2Fv2%2Fproduct_tag&post=6587"}],"curies":[{"name":"wp","href":"https:\/\/api.w.org\/{rel}","templated":true}]}}