{"id":6589,"date":"2023-07-20T15:16:04","date_gmt":"2023-07-20T20:16:04","guid":{"rendered":"https:\/\/lifeseguridad.com\/?post_type=product&#038;p=6589"},"modified":"2024-01-15T12:14:53","modified_gmt":"2024-01-15T17:14:53","slug":"grabador-dvr-4ch-8mp-4k-acusense-hdmi-1hdd-hikvision","status":"publish","type":"product","link":"https:\/\/lifeseguridad.com\/?product=grabador-dvr-4ch-8mp-4k-acusense-hdmi-1hdd-hikvision","title":{"rendered":"GRABADOR DVR 4CH 8MP 4K ACUSENSE HDMI 1HDD HIKVISION"},"content":{"rendered":"<ul style=\"font-weight: 400;\">\n<li>DVR AcuSense de 4 canales, 5 MP, 1U H.265<\/li>\n<li>4 canales y 1 HDD 1U AcuSense DVR<\/li>\n<li>Reducci\u00f3n de falsas alarmas por clasificaci\u00f3n de objetivos humanos y de veh\u00edculos basada en aprendizaje profundo<\/li>\n<li>Eficiente tecnolog\u00eda de compresi\u00f3n H.265 pro+<\/li>\n<li>Capacidad de codificaci\u00f3n de hasta 8 MP lite a 15 fps, 5 MP a 12 fps<\/li>\n<li>Entrada de 5 se\u00f1ales adaptable (HDTVI\/AHD\/CVI\/CVBS\/IP)<\/li>\n<li>Se pueden conectar hasta 8 c\u00e1maras de red.<\/li>\n<\/ul>\n","protected":false},"excerpt":{"rendered":"<p>Cotizar ahora<\/p>\n","protected":false},"featured_media":6658,"comment_status":"open","ping_status":"closed","template":"","meta":{"inline_featured_image":false},"product_brand":[],"product_cat":[228],"product_tag":[],"class_list":{"0":"post-6589","1":"product","2":"type-product","3":"status-publish","4":"has-post-thumbnail","6":"product_cat-dvr","8":"first","9":"instock","10":"taxable","11":"shipping-taxable","12":"product-type-simple"},"aioseo_notices":[],"_links":{"self":[{"href":"https:\/\/lifeseguridad.com\/index.php?rest_route=\/wp\/v2\/product\/6589","targetHints":{"allow":["GET"]}}],"collection":[{"href":"https:\/\/lifeseguridad.com\/index.php?rest_route=\/wp\/v2\/product"}],"about":[{"href":"https:\/\/lifeseguridad.com\/index.php?rest_route=\/wp\/v2\/types\/product"}],"replies":[{"embeddable":true,"href":"https:\/\/lifeseguridad.com\/index.php?rest_route=%2Fwp%2Fv2%2Fcomments&post=6589"}],"wp:featuredmedia":[{"embeddable":true,"href":"https:\/\/lifeseguridad.com\/index.php?rest_route=\/wp\/v2\/media\/6658"}],"wp:attachment":[{"href":"https:\/\/lifeseguridad.com\/index.php?rest_route=%2Fwp%2Fv2%2Fmedia&parent=6589"}],"wp:term":[{"taxonomy":"product_brand","embeddable":true,"href":"https:\/\/lifeseguridad.com\/index.php?rest_route=%2Fwp%2Fv2%2Fproduct_brand&post=6589"},{"taxonomy":"product_cat","embeddable":true,"href":"https:\/\/lifeseguridad.com\/index.php?rest_route=%2Fwp%2Fv2%2Fproduct_cat&post=6589"},{"taxonomy":"product_tag","embeddable":true,"href":"https:\/\/lifeseguridad.com\/index.php?rest_route=%2Fwp%2Fv2%2Fproduct_tag&post=6589"}],"curies":[{"name":"wp","href":"https:\/\/api.w.org\/{rel}","templated":true}]}}