{"id":6595,"date":"2023-07-20T15:41:49","date_gmt":"2023-07-20T20:41:49","guid":{"rendered":"https:\/\/lifeseguridad.com\/?post_type=product&#038;p=6595"},"modified":"2024-01-15T12:14:53","modified_gmt":"2024-01-15T17:14:53","slug":"grabador-dvr-8ch-1080p-acusense-1hdd-hikvision-2","status":"publish","type":"product","link":"https:\/\/lifeseguridad.com\/?product=grabador-dvr-8ch-1080p-acusense-1hdd-hikvision-2","title":{"rendered":"GRABADOR DVR 8CH 1080P ACUSENSE 1HDD HIKVISION"},"content":{"rendered":"<ul style=\"font-weight: 400;\">\n<li>8 canales y 1 HDD 1U AcuSense DVR<\/li>\n<li>Proporcionar informaci\u00f3n detallada con detecci\u00f3n de rostros<\/li>\n<li>Reducci\u00f3n de falsas alarmas por clasificaci\u00f3n de objetivos humanos y de veh\u00edculos basada en el aprendizaje profundo<\/li>\n<li>Tecnolog\u00eda de compresi\u00f3n eficiente H.265 pro +<\/li>\n<li>Capacidad de codificaci\u00f3n de hasta 8 MP a 8 fps, 5 MP a 12 fps<\/li>\n<li>Entrada de 5 se\u00f1ales adaptativamente (HDTVI \/ AHD \/ CVI \/ CVBS \/ IP)<\/li>\n<li>Se pueden conectar hasta 16 c\u00e1maras de red.<\/li>\n<\/ul>\n","protected":false},"excerpt":{"rendered":"<p>Cotizar ahora<\/p>\n","protected":false},"featured_media":6662,"comment_status":"open","ping_status":"closed","template":"","meta":{"inline_featured_image":false},"product_brand":[],"product_cat":[228],"product_tag":[],"class_list":{"0":"post-6595","1":"product","2":"type-product","3":"status-publish","4":"has-post-thumbnail","6":"product_cat-dvr","8":"first","9":"instock","10":"taxable","11":"shipping-taxable","12":"product-type-simple"},"aioseo_notices":[],"_links":{"self":[{"href":"https:\/\/lifeseguridad.com\/index.php?rest_route=\/wp\/v2\/product\/6595","targetHints":{"allow":["GET"]}}],"collection":[{"href":"https:\/\/lifeseguridad.com\/index.php?rest_route=\/wp\/v2\/product"}],"about":[{"href":"https:\/\/lifeseguridad.com\/index.php?rest_route=\/wp\/v2\/types\/product"}],"replies":[{"embeddable":true,"href":"https:\/\/lifeseguridad.com\/index.php?rest_route=%2Fwp%2Fv2%2Fcomments&post=6595"}],"wp:featuredmedia":[{"embeddable":true,"href":"https:\/\/lifeseguridad.com\/index.php?rest_route=\/wp\/v2\/media\/6662"}],"wp:attachment":[{"href":"https:\/\/lifeseguridad.com\/index.php?rest_route=%2Fwp%2Fv2%2Fmedia&parent=6595"}],"wp:term":[{"taxonomy":"product_brand","embeddable":true,"href":"https:\/\/lifeseguridad.com\/index.php?rest_route=%2Fwp%2Fv2%2Fproduct_brand&post=6595"},{"taxonomy":"product_cat","embeddable":true,"href":"https:\/\/lifeseguridad.com\/index.php?rest_route=%2Fwp%2Fv2%2Fproduct_cat&post=6595"},{"taxonomy":"product_tag","embeddable":true,"href":"https:\/\/lifeseguridad.com\/index.php?rest_route=%2Fwp%2Fv2%2Fproduct_tag&post=6595"}],"curies":[{"name":"wp","href":"https:\/\/api.w.org\/{rel}","templated":true}]}}