{"id":6596,"date":"2023-07-20T15:43:32","date_gmt":"2023-07-20T20:43:32","guid":{"rendered":"https:\/\/lifeseguridad.com\/?post_type=product&#038;p=6596"},"modified":"2024-01-15T12:14:53","modified_gmt":"2024-01-15T17:14:53","slug":"grabador-dvr-8ch-acusense-5mp-hdmi-1hdd-220v-hikvision","status":"publish","type":"product","link":"https:\/\/lifeseguridad.com\/?product=grabador-dvr-8ch-acusense-5mp-hdmi-1hdd-220v-hikvision","title":{"rendered":"GRABADOR DVR 8CH ACUSENSE 5MP HDMI 1HDD &#8211; 220V HIKVISION"},"content":{"rendered":"<p style=\"font-weight: 400;\">DVR AcuSense de 8 canales, 5 MP, 1U H.265<\/p>\n<ul style=\"font-weight: 400;\">\n<li>An\u00e1lisis de comportamiento basado en aprendizaje profundo o comparaci\u00f3n de im\u00e1genes faciales<\/li>\n<li>Compresi\u00f3n de v\u00eddeo H.265 Pro+\/H.265 Pro\/H.265\/H.264+\/H.264<\/li>\n<li>Entradas de v\u00eddeo HDTVI\/AHD\/CVI\/CVBS\/IP<\/li>\n<li>Audio por cable coaxial<\/li>\n<li>Entradas de c\u00e1mara IP de hasta 8\/16 canales (hasta 8 MP)<\/li>\n<li>m\u00e1x.\u00a0800 m para transmisi\u00f3n de se\u00f1al HDTVI de 1080p y 1200 m para 720p<\/li>\n<li>Hasta 10 TB de capacidad por HDD<\/li>\n<\/ul>\n","protected":false},"excerpt":{"rendered":"<p>Cotizar ahora<\/p>\n","protected":false},"featured_media":6663,"comment_status":"open","ping_status":"closed","template":"","meta":{"inline_featured_image":false},"product_brand":[],"product_cat":[228],"product_tag":[],"class_list":{"0":"post-6596","1":"product","2":"type-product","3":"status-publish","4":"has-post-thumbnail","6":"product_cat-dvr","8":"first","9":"instock","10":"taxable","11":"shipping-taxable","12":"product-type-simple"},"aioseo_notices":[],"_links":{"self":[{"href":"https:\/\/lifeseguridad.com\/index.php?rest_route=\/wp\/v2\/product\/6596","targetHints":{"allow":["GET"]}}],"collection":[{"href":"https:\/\/lifeseguridad.com\/index.php?rest_route=\/wp\/v2\/product"}],"about":[{"href":"https:\/\/lifeseguridad.com\/index.php?rest_route=\/wp\/v2\/types\/product"}],"replies":[{"embeddable":true,"href":"https:\/\/lifeseguridad.com\/index.php?rest_route=%2Fwp%2Fv2%2Fcomments&post=6596"}],"wp:featuredmedia":[{"embeddable":true,"href":"https:\/\/lifeseguridad.com\/index.php?rest_route=\/wp\/v2\/media\/6663"}],"wp:attachment":[{"href":"https:\/\/lifeseguridad.com\/index.php?rest_route=%2Fwp%2Fv2%2Fmedia&parent=6596"}],"wp:term":[{"taxonomy":"product_brand","embeddable":true,"href":"https:\/\/lifeseguridad.com\/index.php?rest_route=%2Fwp%2Fv2%2Fproduct_brand&post=6596"},{"taxonomy":"product_cat","embeddable":true,"href":"https:\/\/lifeseguridad.com\/index.php?rest_route=%2Fwp%2Fv2%2Fproduct_cat&post=6596"},{"taxonomy":"product_tag","embeddable":true,"href":"https:\/\/lifeseguridad.com\/index.php?rest_route=%2Fwp%2Fv2%2Fproduct_tag&post=6596"}],"curies":[{"name":"wp","href":"https:\/\/api.w.org\/{rel}","templated":true}]}}