{"id":6602,"date":"2023-07-20T15:57:06","date_gmt":"2023-07-20T20:57:06","guid":{"rendered":"https:\/\/lifeseguridad.com\/?post_type=product&#038;p=6602"},"modified":"2024-01-15T12:14:54","modified_gmt":"2024-01-15T17:14:54","slug":"grabador-dvr-16ch-1080p-4hdd-hikvision","status":"publish","type":"product","link":"https:\/\/lifeseguridad.com\/?product=grabador-dvr-16ch-1080p-4hdd-hikvision","title":{"rendered":"GRABADOR DVR 16CH 1080P 4HDD HIKVISION"},"content":{"rendered":"<p style=\"font-weight: 400;\"><b><strong>DVR AcuSense de 16 canales 1080P 1.5U H.265<\/strong><\/b><\/p>\n<ul style=\"font-weight: 400;\">\n<li>Protecci\u00f3n perimetral basada en aprendizaje profundo<\/li>\n<li>Detecci\u00f3n de movimiento basada en aprendizaje profundo 2.0 para todos los canales anal\u00f3gicos<\/li>\n<li>Compresi\u00f3n de v\u00eddeo H.265 Pro+\/H.265 Pro\/H.265\/H.264+\/H.264<\/li>\n<li>Entradas de c\u00e1mara IP de hasta 24 canales y 4 interfaces SATA<\/li>\n<li>Capacidad de codificaci\u00f3n de hasta 1080p a 15 fps<\/li>\n<li>Entradas de v\u00eddeo HDTVI\/AHD\/CVI\/CVBS\/IP<\/li>\n<li>Grabaci\u00f3n activada por POS y superposici\u00f3n de informaci\u00f3n de POS<\/li>\n<\/ul>\n","protected":false},"excerpt":{"rendered":"<p>Cotizar ahora<\/p>\n","protected":false},"featured_media":7056,"comment_status":"open","ping_status":"closed","template":"","meta":{"inline_featured_image":false},"product_brand":[],"product_cat":[228],"product_tag":[],"class_list":{"0":"post-6602","1":"product","2":"type-product","3":"status-publish","4":"has-post-thumbnail","6":"product_cat-dvr","8":"first","9":"instock","10":"taxable","11":"shipping-taxable","12":"product-type-simple"},"aioseo_notices":[],"_links":{"self":[{"href":"https:\/\/lifeseguridad.com\/index.php?rest_route=\/wp\/v2\/product\/6602","targetHints":{"allow":["GET"]}}],"collection":[{"href":"https:\/\/lifeseguridad.com\/index.php?rest_route=\/wp\/v2\/product"}],"about":[{"href":"https:\/\/lifeseguridad.com\/index.php?rest_route=\/wp\/v2\/types\/product"}],"replies":[{"embeddable":true,"href":"https:\/\/lifeseguridad.com\/index.php?rest_route=%2Fwp%2Fv2%2Fcomments&post=6602"}],"wp:featuredmedia":[{"embeddable":true,"href":"https:\/\/lifeseguridad.com\/index.php?rest_route=\/wp\/v2\/media\/7056"}],"wp:attachment":[{"href":"https:\/\/lifeseguridad.com\/index.php?rest_route=%2Fwp%2Fv2%2Fmedia&parent=6602"}],"wp:term":[{"taxonomy":"product_brand","embeddable":true,"href":"https:\/\/lifeseguridad.com\/index.php?rest_route=%2Fwp%2Fv2%2Fproduct_brand&post=6602"},{"taxonomy":"product_cat","embeddable":true,"href":"https:\/\/lifeseguridad.com\/index.php?rest_route=%2Fwp%2Fv2%2Fproduct_cat&post=6602"},{"taxonomy":"product_tag","embeddable":true,"href":"https:\/\/lifeseguridad.com\/index.php?rest_route=%2Fwp%2Fv2%2Fproduct_tag&post=6602"}],"curies":[{"name":"wp","href":"https:\/\/api.w.org\/{rel}","templated":true}]}}