{"id":6616,"date":"2023-07-20T16:33:24","date_gmt":"2023-07-20T21:33:24","guid":{"rendered":"https:\/\/lifeseguridad.com\/?post_type=product&#038;p=6616"},"modified":"2024-01-15T12:14:56","modified_gmt":"2024-01-15T17:14:56","slug":"camara-2mp-domo-colorvu-lente-2-8mm-c-audio-hikvision","status":"publish","type":"product","link":"https:\/\/lifeseguridad.com\/?product=camara-2mp-domo-colorvu-lente-2-8mm-c-audio-hikvision","title":{"rendered":"CAMARA 2MP DOMO COLORVU LENTE 2.8MM C \/AUDIO HIKVISION"},"content":{"rendered":"<ul style=\"font-weight: 400;\">\n<li>C\u00e1mara Domo para interiores con audio ColorVu de 2MP<\/li>\n<li>Im\u00e1genes de alta calidad con resoluci\u00f3n de 2 MP, 1920 \u00d7 1080<\/li>\n<li>Im\u00e1genes en color 24\/7 con apertura F1.0<\/li>\n<li>La tecnolog\u00eda 3D DNR ofrece im\u00e1genes limpias y n\u00edtidas<\/li>\n<li>Lente focal fija de 2,8 mm, 3,6 mm<\/li>\n<li>Distancia de luz blanca de hasta 20 m para im\u00e1genes nocturnas brillantes<\/li>\n<li>Audio de alta calidad con audio por cable coaxial, micr\u00f3fono incorporado<\/li>\n<li>Un puerto para cuatro se\u00f1ales conmutables (TVI\/AHD\/CVI\/CVBS)<\/li>\n<\/ul>\n","protected":false},"excerpt":{"rendered":"<p>Cotizar ahora<\/p>\n","protected":false},"featured_media":6674,"comment_status":"open","ping_status":"closed","template":"","meta":{"inline_featured_image":false},"product_brand":[],"product_cat":[221],"product_tag":[],"class_list":{"0":"post-6616","1":"product","2":"type-product","3":"status-publish","4":"has-post-thumbnail","6":"product_cat-camara-domo-fija","8":"first","9":"instock","10":"taxable","11":"shipping-taxable","12":"product-type-simple"},"aioseo_notices":[],"_links":{"self":[{"href":"https:\/\/lifeseguridad.com\/index.php?rest_route=\/wp\/v2\/product\/6616","targetHints":{"allow":["GET"]}}],"collection":[{"href":"https:\/\/lifeseguridad.com\/index.php?rest_route=\/wp\/v2\/product"}],"about":[{"href":"https:\/\/lifeseguridad.com\/index.php?rest_route=\/wp\/v2\/types\/product"}],"replies":[{"embeddable":true,"href":"https:\/\/lifeseguridad.com\/index.php?rest_route=%2Fwp%2Fv2%2Fcomments&post=6616"}],"wp:featuredmedia":[{"embeddable":true,"href":"https:\/\/lifeseguridad.com\/index.php?rest_route=\/wp\/v2\/media\/6674"}],"wp:attachment":[{"href":"https:\/\/lifeseguridad.com\/index.php?rest_route=%2Fwp%2Fv2%2Fmedia&parent=6616"}],"wp:term":[{"taxonomy":"product_brand","embeddable":true,"href":"https:\/\/lifeseguridad.com\/index.php?rest_route=%2Fwp%2Fv2%2Fproduct_brand&post=6616"},{"taxonomy":"product_cat","embeddable":true,"href":"https:\/\/lifeseguridad.com\/index.php?rest_route=%2Fwp%2Fv2%2Fproduct_cat&post=6616"},{"taxonomy":"product_tag","embeddable":true,"href":"https:\/\/lifeseguridad.com\/index.php?rest_route=%2Fwp%2Fv2%2Fproduct_tag&post=6616"}],"curies":[{"name":"wp","href":"https:\/\/api.w.org\/{rel}","templated":true}]}}