{"id":6618,"date":"2023-07-20T16:36:38","date_gmt":"2023-07-20T21:36:38","guid":{"rendered":"https:\/\/lifeseguridad.com\/?post_type=product&#038;p=6618"},"modified":"2024-01-15T12:14:56","modified_gmt":"2024-01-15T17:14:56","slug":"camara-domo1080p-ext-con-ir-40m-l-2-8-12m-12vdc-2-hikvision","status":"publish","type":"product","link":"https:\/\/lifeseguridad.com\/?product=camara-domo1080p-ext-con-ir-40m-l-2-8-12m-12vdc-2-hikvision","title":{"rendered":"CAMARA DOMO1080P EXT.CON IR 40M L.2.8-12M 12VDC (2) HIKVISION"},"content":{"rendered":"<ul>\n<li>\n<p class=\"p1\">C\u00e1mara Domo Manual de 2 MP<\/p>\n<\/li>\n<li>\n<p class=\"p1\">Im\u00e1genes de alta calidad con resoluci\u00f3n de 2 MP, 1920 \u00d7 1080<\/p>\n<\/li>\n<li>\n<p class=\"p1\">Lente\u00a0varifocal de 2,7 mm a 13,5 mm<\/p>\n<\/li>\n<li>\n<p class=\"p1\">Distancia IR de hasta 40 m para im\u00e1genes nocturnas brillantes<\/p>\n<\/li>\n<li>\n<p class=\"p1\">Un puerto para cuatro se\u00f1ales conmutables (TVI\/AHD\/CVI\/CVBS)<\/p>\n<\/li>\n<li>\n<p class=\"p1\">Resistente al agua y al polvo (IP67)<\/p>\n<\/li>\n<\/ul>\n","protected":false},"excerpt":{"rendered":"<p>Cotizar ahora<\/p>\n","protected":false},"featured_media":6677,"comment_status":"open","ping_status":"closed","template":"","meta":{"inline_featured_image":false},"product_brand":[],"product_cat":[221],"product_tag":[],"class_list":{"0":"post-6618","1":"product","2":"type-product","3":"status-publish","4":"has-post-thumbnail","6":"product_cat-camara-domo-fija","8":"first","9":"instock","10":"taxable","11":"shipping-taxable","12":"product-type-simple"},"aioseo_notices":[],"_links":{"self":[{"href":"https:\/\/lifeseguridad.com\/index.php?rest_route=\/wp\/v2\/product\/6618","targetHints":{"allow":["GET"]}}],"collection":[{"href":"https:\/\/lifeseguridad.com\/index.php?rest_route=\/wp\/v2\/product"}],"about":[{"href":"https:\/\/lifeseguridad.com\/index.php?rest_route=\/wp\/v2\/types\/product"}],"replies":[{"embeddable":true,"href":"https:\/\/lifeseguridad.com\/index.php?rest_route=%2Fwp%2Fv2%2Fcomments&post=6618"}],"wp:featuredmedia":[{"embeddable":true,"href":"https:\/\/lifeseguridad.com\/index.php?rest_route=\/wp\/v2\/media\/6677"}],"wp:attachment":[{"href":"https:\/\/lifeseguridad.com\/index.php?rest_route=%2Fwp%2Fv2%2Fmedia&parent=6618"}],"wp:term":[{"taxonomy":"product_brand","embeddable":true,"href":"https:\/\/lifeseguridad.com\/index.php?rest_route=%2Fwp%2Fv2%2Fproduct_brand&post=6618"},{"taxonomy":"product_cat","embeddable":true,"href":"https:\/\/lifeseguridad.com\/index.php?rest_route=%2Fwp%2Fv2%2Fproduct_cat&post=6618"},{"taxonomy":"product_tag","embeddable":true,"href":"https:\/\/lifeseguridad.com\/index.php?rest_route=%2Fwp%2Fv2%2Fproduct_tag&post=6618"}],"curies":[{"name":"wp","href":"https:\/\/api.w.org\/{rel}","templated":true}]}}