{"id":6636,"date":"2023-07-20T17:20:36","date_gmt":"2023-07-20T22:20:36","guid":{"rendered":"https:\/\/lifeseguridad.com\/?post_type=product&#038;p=6636"},"modified":"2024-01-15T12:14:59","modified_gmt":"2024-01-15T17:14:59","slug":"camara-tubo1080p-ext-con-ir-40m-l-2-8-12m-hikvision","status":"publish","type":"product","link":"https:\/\/lifeseguridad.com\/?product=camara-tubo1080p-ext-con-ir-40m-l-2-8-12m-hikvision","title":{"rendered":"CAMARA TUBO1080P EXT CON IR 40M L.2.8-12M HIKVISION"},"content":{"rendered":"<ul style=\"font-weight: 400;\">\n<li>Im\u00e1genes de alta calidad con resoluci\u00f3n de 2 MP, 1920 \u00d7 1080<\/li>\n<li>Lente varifocal de 2,7 mm a 13,5 mm<\/li>\n<li>Hasta 40 m de distancia IR para im\u00e1genes nocturnas brillantes<\/li>\n<li>Un puerto para cuatro se\u00f1ales conmutables (TVI\/AHD\/CVI\/CVBS)<\/li>\n<li>Resistente al agua y al polvo (IP67)<\/li>\n<\/ul>\n","protected":false},"excerpt":{"rendered":"<p>Cotizar ahora<\/p>\n","protected":false},"featured_media":6691,"comment_status":"open","ping_status":"closed","template":"","meta":{"inline_featured_image":false},"product_brand":[],"product_cat":[269],"product_tag":[],"class_list":{"0":"post-6636","1":"product","2":"type-product","3":"status-publish","4":"has-post-thumbnail","6":"product_cat-camaras-de-seguridad-camara-tubo-fija","8":"first","9":"instock","10":"taxable","11":"shipping-taxable","12":"product-type-simple"},"aioseo_notices":[],"_links":{"self":[{"href":"https:\/\/lifeseguridad.com\/index.php?rest_route=\/wp\/v2\/product\/6636","targetHints":{"allow":["GET"]}}],"collection":[{"href":"https:\/\/lifeseguridad.com\/index.php?rest_route=\/wp\/v2\/product"}],"about":[{"href":"https:\/\/lifeseguridad.com\/index.php?rest_route=\/wp\/v2\/types\/product"}],"replies":[{"embeddable":true,"href":"https:\/\/lifeseguridad.com\/index.php?rest_route=%2Fwp%2Fv2%2Fcomments&post=6636"}],"wp:featuredmedia":[{"embeddable":true,"href":"https:\/\/lifeseguridad.com\/index.php?rest_route=\/wp\/v2\/media\/6691"}],"wp:attachment":[{"href":"https:\/\/lifeseguridad.com\/index.php?rest_route=%2Fwp%2Fv2%2Fmedia&parent=6636"}],"wp:term":[{"taxonomy":"product_brand","embeddable":true,"href":"https:\/\/lifeseguridad.com\/index.php?rest_route=%2Fwp%2Fv2%2Fproduct_brand&post=6636"},{"taxonomy":"product_cat","embeddable":true,"href":"https:\/\/lifeseguridad.com\/index.php?rest_route=%2Fwp%2Fv2%2Fproduct_cat&post=6636"},{"taxonomy":"product_tag","embeddable":true,"href":"https:\/\/lifeseguridad.com\/index.php?rest_route=%2Fwp%2Fv2%2Fproduct_tag&post=6636"}],"curies":[{"name":"wp","href":"https:\/\/api.w.org\/{rel}","templated":true}]}}