{"id":6707,"date":"2023-07-21T15:01:48","date_gmt":"2023-07-21T20:01:48","guid":{"rendered":"https:\/\/lifeseguridad.com\/?post_type=product&#038;p=6707"},"modified":"2024-01-15T12:15:06","modified_gmt":"2024-01-15T17:15:06","slug":"camara-domo-ip-pantilt-p-interior-4mp-hikvision","status":"publish","type":"product","link":"https:\/\/lifeseguridad.com\/?product=camara-domo-ip-pantilt-p-interior-4mp-hikvision","title":{"rendered":"CAMARA DOMO IP PANTILT P\/INTERIOR 4MP HIKVISION"},"content":{"rendered":"<ul style=\"font-weight: 400;\">\n<li>Domo de velocidad de red IR DarkFighter de 2 pulgadas y 4 MP 0X<\/li>\n<li>Im\u00e1genes de alta calidad con resoluci\u00f3n de 4 MP<\/li>\n<li>Im\u00e1genes claras contra la luz de fondo fuerte gracias a la tecnolog\u00eda DWDR<\/li>\n<li>La tecnolog\u00eda 3D DNR ofrece im\u00e1genes limpias y n\u00edtidas<\/li>\n<li>Aplicaci\u00f3n y servicio en la nube Hik-Connect para administraci\u00f3n remota y visualizaci\u00f3n de dispositivos<\/li>\n<li>Micr\u00f3fono incorporado para seguridad de audio en tiempo real<\/li>\n<li>Ranura para tarjeta de memoria integrada, compatible con tarjeta microSD\/SDHC\/SDXC, hasta 256 GB<\/li>\n<li>Resistente al agua y al polvo IP66<\/li>\n<\/ul>\n","protected":false},"excerpt":{"rendered":"<p>Cotizar ahora<\/p>\n","protected":false},"featured_media":6756,"comment_status":"open","ping_status":"closed","template":"","meta":{"inline_featured_image":false},"product_brand":[],"product_cat":[304],"product_tag":[],"class_list":{"0":"post-6707","1":"product","2":"type-product","3":"status-publish","4":"has-post-thumbnail","6":"product_cat-camaras-ptz-ip","8":"first","9":"instock","10":"taxable","11":"shipping-taxable","12":"product-type-simple"},"aioseo_notices":[],"_links":{"self":[{"href":"https:\/\/lifeseguridad.com\/index.php?rest_route=\/wp\/v2\/product\/6707","targetHints":{"allow":["GET"]}}],"collection":[{"href":"https:\/\/lifeseguridad.com\/index.php?rest_route=\/wp\/v2\/product"}],"about":[{"href":"https:\/\/lifeseguridad.com\/index.php?rest_route=\/wp\/v2\/types\/product"}],"replies":[{"embeddable":true,"href":"https:\/\/lifeseguridad.com\/index.php?rest_route=%2Fwp%2Fv2%2Fcomments&post=6707"}],"wp:featuredmedia":[{"embeddable":true,"href":"https:\/\/lifeseguridad.com\/index.php?rest_route=\/wp\/v2\/media\/6756"}],"wp:attachment":[{"href":"https:\/\/lifeseguridad.com\/index.php?rest_route=%2Fwp%2Fv2%2Fmedia&parent=6707"}],"wp:term":[{"taxonomy":"product_brand","embeddable":true,"href":"https:\/\/lifeseguridad.com\/index.php?rest_route=%2Fwp%2Fv2%2Fproduct_brand&post=6707"},{"taxonomy":"product_cat","embeddable":true,"href":"https:\/\/lifeseguridad.com\/index.php?rest_route=%2Fwp%2Fv2%2Fproduct_cat&post=6707"},{"taxonomy":"product_tag","embeddable":true,"href":"https:\/\/lifeseguridad.com\/index.php?rest_route=%2Fwp%2Fv2%2Fproduct_tag&post=6707"}],"curies":[{"name":"wp","href":"https:\/\/api.w.org\/{rel}","templated":true}]}}