{"id":6708,"date":"2023-07-21T15:03:10","date_gmt":"2023-07-21T20:03:10","guid":{"rendered":"https:\/\/lifeseguridad.com\/?post_type=product&#038;p=6708"},"modified":"2024-01-15T12:15:06","modified_gmt":"2024-01-15T17:15:06","slug":"camara-domo-ip-4mp-lente-2-8-12mm-2-hikvision","status":"publish","type":"product","link":"https:\/\/lifeseguridad.com\/?product=camara-domo-ip-4mp-lente-2-8-12mm-2-hikvision","title":{"rendered":"CAMARA DOMO IP 4MP. LENTE 2.8-12MM (2) HIKVISION"},"content":{"rendered":"<ul style=\"font-weight: 400;\">\n<li>C\u00e1mara de red domo varifocal motorizada AcuSense de 4 MP con tecnolog\u00eda DarkFighter<\/li>\n<li>Im\u00e1genes de alta calidad con resoluci\u00f3n de 4 MP<\/li>\n<li>Excelente rendimiento con poca luz con<\/li>\n<li>tecnolog\u00eda impulsada por DarkFighter<\/li>\n<li>Lente varifocal motorizada para una f\u00e1cil instalaci\u00f3n y<\/li>\n<li>supervisi\u00f3n<\/li>\n<li>Im\u00e1genes n\u00edtidas contra una fuerte luz de fondo gracias a 120 dB<\/li>\n<li>Tecnolog\u00eda WDR<\/li>\n<li>Tecnolog\u00eda de compresi\u00f3n eficiente H.265+<\/li>\n<li>Centrarse en la clasificaci\u00f3n de objetivos humanos y de veh\u00edculos en funci\u00f3n de<\/li>\n<li>aprendizaje profundo<\/li>\n<li>Interfaz de audio y alarma disponible<\/li>\n<li>Resistente al agua y al polvo (IP66) y resistente al vandalismo (IK10)<\/li>\n<\/ul>\n","protected":false},"excerpt":{"rendered":"<p>Cotizar ahora<\/p>\n","protected":false},"featured_media":6757,"comment_status":"open","ping_status":"closed","template":"","meta":{"inline_featured_image":false},"product_brand":[],"product_cat":[302],"product_tag":[],"class_list":{"0":"post-6708","1":"product","2":"type-product","3":"status-publish","4":"has-post-thumbnail","6":"product_cat-camaras-domo-ip","8":"first","9":"instock","10":"taxable","11":"shipping-taxable","12":"product-type-simple"},"aioseo_notices":[],"_links":{"self":[{"href":"https:\/\/lifeseguridad.com\/index.php?rest_route=\/wp\/v2\/product\/6708","targetHints":{"allow":["GET"]}}],"collection":[{"href":"https:\/\/lifeseguridad.com\/index.php?rest_route=\/wp\/v2\/product"}],"about":[{"href":"https:\/\/lifeseguridad.com\/index.php?rest_route=\/wp\/v2\/types\/product"}],"replies":[{"embeddable":true,"href":"https:\/\/lifeseguridad.com\/index.php?rest_route=%2Fwp%2Fv2%2Fcomments&post=6708"}],"wp:featuredmedia":[{"embeddable":true,"href":"https:\/\/lifeseguridad.com\/index.php?rest_route=\/wp\/v2\/media\/6757"}],"wp:attachment":[{"href":"https:\/\/lifeseguridad.com\/index.php?rest_route=%2Fwp%2Fv2%2Fmedia&parent=6708"}],"wp:term":[{"taxonomy":"product_brand","embeddable":true,"href":"https:\/\/lifeseguridad.com\/index.php?rest_route=%2Fwp%2Fv2%2Fproduct_brand&post=6708"},{"taxonomy":"product_cat","embeddable":true,"href":"https:\/\/lifeseguridad.com\/index.php?rest_route=%2Fwp%2Fv2%2Fproduct_cat&post=6708"},{"taxonomy":"product_tag","embeddable":true,"href":"https:\/\/lifeseguridad.com\/index.php?rest_route=%2Fwp%2Fv2%2Fproduct_tag&post=6708"}],"curies":[{"name":"wp","href":"https:\/\/api.w.org\/{rel}","templated":true}]}}