{"id":6709,"date":"2023-07-21T15:11:28","date_gmt":"2023-07-21T20:11:28","guid":{"rendered":"https:\/\/lifeseguridad.com\/?post_type=product&#038;p=6709"},"modified":"2024-01-15T12:15:06","modified_gmt":"2024-01-15T17:15:06","slug":"camara-tubo-ip-2mp-acusense-lente-2-8mm-ir30m-hikvision","status":"publish","type":"product","link":"https:\/\/lifeseguridad.com\/?product=camara-tubo-ip-2mp-acusense-lente-2-8mm-ir30m-hikvision","title":{"rendered":"CAMARA TUBO IP 2MP ACUSENSE LENTE 2.8MM IR30M HIKVISION"},"content":{"rendered":"<p style=\"font-weight: 400;\">C\u00e1mara de red tipo bala fija WDR de 2 MP<\/p>\n<ul style=\"font-weight: 400;\">\n<li>Im\u00e1genes de alta calidad con resoluci\u00f3n de 2 MP<\/li>\n<li>Im\u00e1genes n\u00edtidas contra una fuerte luz de fondo gracias a la tecnolog\u00eda WDR de 120 dB<\/li>\n<li>Tecnolog\u00eda de compresi\u00f3n eficiente H.265+<\/li>\n<li>-U: Micr\u00f3fono incorporado para seguridad de audio en tiempo real<\/li>\n<li>Resistente al agua y al polvo (IP67)<\/li>\n<li>Centrarse en la clasificaci\u00f3n de objetivos humanos y de veh\u00edculos basada en el aprendizaje profundo<\/li>\n<\/ul>\n","protected":false},"excerpt":{"rendered":"<p>Cotizar ahora<\/p>\n","protected":false},"featured_media":6758,"comment_status":"open","ping_status":"closed","template":"","meta":{"inline_featured_image":false},"product_brand":[],"product_cat":[303],"product_tag":[],"class_list":{"0":"post-6709","1":"product","2":"type-product","3":"status-publish","4":"has-post-thumbnail","6":"product_cat-camaras-tubo-ip","8":"first","9":"instock","10":"taxable","11":"shipping-taxable","12":"product-type-simple"},"aioseo_notices":[],"_links":{"self":[{"href":"https:\/\/lifeseguridad.com\/index.php?rest_route=\/wp\/v2\/product\/6709","targetHints":{"allow":["GET"]}}],"collection":[{"href":"https:\/\/lifeseguridad.com\/index.php?rest_route=\/wp\/v2\/product"}],"about":[{"href":"https:\/\/lifeseguridad.com\/index.php?rest_route=\/wp\/v2\/types\/product"}],"replies":[{"embeddable":true,"href":"https:\/\/lifeseguridad.com\/index.php?rest_route=%2Fwp%2Fv2%2Fcomments&post=6709"}],"wp:featuredmedia":[{"embeddable":true,"href":"https:\/\/lifeseguridad.com\/index.php?rest_route=\/wp\/v2\/media\/6758"}],"wp:attachment":[{"href":"https:\/\/lifeseguridad.com\/index.php?rest_route=%2Fwp%2Fv2%2Fmedia&parent=6709"}],"wp:term":[{"taxonomy":"product_brand","embeddable":true,"href":"https:\/\/lifeseguridad.com\/index.php?rest_route=%2Fwp%2Fv2%2Fproduct_brand&post=6709"},{"taxonomy":"product_cat","embeddable":true,"href":"https:\/\/lifeseguridad.com\/index.php?rest_route=%2Fwp%2Fv2%2Fproduct_cat&post=6709"},{"taxonomy":"product_tag","embeddable":true,"href":"https:\/\/lifeseguridad.com\/index.php?rest_route=%2Fwp%2Fv2%2Fproduct_tag&post=6709"}],"curies":[{"name":"wp","href":"https:\/\/api.w.org\/{rel}","templated":true}]}}