{"id":6712,"date":"2023-07-21T15:13:57","date_gmt":"2023-07-21T20:13:57","guid":{"rendered":"https:\/\/lifeseguridad.com\/?post_type=product&#038;p=6712"},"modified":"2024-01-15T12:15:06","modified_gmt":"2024-01-15T17:15:06","slug":"camara-tubo-ir-bullet-4mp-lente-2-8mm-hikvision","status":"publish","type":"product","link":"https:\/\/lifeseguridad.com\/?product=camara-tubo-ir-bullet-4mp-lente-2-8mm-hikvision","title":{"rendered":"CAMARA TUBO IR BULLET 4MP LENTE 2.8MM HIKVISION"},"content":{"rendered":"<ul style=\"font-weight: 400;\">\n<li>C\u00e1mara Tubo fija de 4MP<\/li>\n<li>Im\u00e1genes de alta calidad con resoluci\u00f3n de 4 MP<\/li>\n<li>Tecnolog\u00eda de compresi\u00f3n eficiente H.265+<\/li>\n<li>Im\u00e1genes n\u00edtidas incluso con una fuerte retroiluminaci\u00f3n gracias al WDR de 120 dB<\/li>\n<li>Resistente al agua y al polvo (IP67)<\/li>\n<li>EXIR 2.0: tecnolog\u00eda infrarroja avanzada con largo alcance IR<\/li>\n<\/ul>\n","protected":false},"excerpt":{"rendered":"<p>Cotizar ahora<\/p>\n","protected":false},"featured_media":6760,"comment_status":"open","ping_status":"closed","template":"","meta":{"inline_featured_image":false},"product_brand":[],"product_cat":[303],"product_tag":[],"class_list":{"0":"post-6712","1":"product","2":"type-product","3":"status-publish","4":"has-post-thumbnail","6":"product_cat-camaras-tubo-ip","8":"first","9":"instock","10":"taxable","11":"shipping-taxable","12":"product-type-simple"},"aioseo_notices":[],"_links":{"self":[{"href":"https:\/\/lifeseguridad.com\/index.php?rest_route=\/wp\/v2\/product\/6712","targetHints":{"allow":["GET"]}}],"collection":[{"href":"https:\/\/lifeseguridad.com\/index.php?rest_route=\/wp\/v2\/product"}],"about":[{"href":"https:\/\/lifeseguridad.com\/index.php?rest_route=\/wp\/v2\/types\/product"}],"replies":[{"embeddable":true,"href":"https:\/\/lifeseguridad.com\/index.php?rest_route=%2Fwp%2Fv2%2Fcomments&post=6712"}],"wp:featuredmedia":[{"embeddable":true,"href":"https:\/\/lifeseguridad.com\/index.php?rest_route=\/wp\/v2\/media\/6760"}],"wp:attachment":[{"href":"https:\/\/lifeseguridad.com\/index.php?rest_route=%2Fwp%2Fv2%2Fmedia&parent=6712"}],"wp:term":[{"taxonomy":"product_brand","embeddable":true,"href":"https:\/\/lifeseguridad.com\/index.php?rest_route=%2Fwp%2Fv2%2Fproduct_brand&post=6712"},{"taxonomy":"product_cat","embeddable":true,"href":"https:\/\/lifeseguridad.com\/index.php?rest_route=%2Fwp%2Fv2%2Fproduct_cat&post=6712"},{"taxonomy":"product_tag","embeddable":true,"href":"https:\/\/lifeseguridad.com\/index.php?rest_route=%2Fwp%2Fv2%2Fproduct_tag&post=6712"}],"curies":[{"name":"wp","href":"https:\/\/api.w.org\/{rel}","templated":true}]}}