{"id":6721,"date":"2023-07-21T15:38:28","date_gmt":"2023-07-21T20:38:28","guid":{"rendered":"https:\/\/lifeseguridad.com\/?post_type=product&#038;p=6721"},"modified":"2024-01-15T12:17:04","modified_gmt":"2024-01-15T17:17:04","slug":"camara-tandemvu-ptz-ip-7-4mp-32x-hikvision","status":"publish","type":"product","link":"https:\/\/lifeseguridad.com\/?product=camara-tandemvu-ptz-ip-7-4mp-32x-hikvision","title":{"rendered":"CAMARA TANDEMVU PTZ IP 7&#8243; 4MP 32X HIKVISION"},"content":{"rendered":"<p style=\"font-weight: 400;\"><b><strong>TandemVu Domo de velocidad de red IR y colorido de 7 pulgadas, 4 MP, 32X<\/strong><\/b><\/p>\n<ul style=\"font-weight: 400;\">\n<li>Captura un \u00e1rea grande y grandes detalles al mismo tiempo<\/li>\n<li>Im\u00e1genes de alta calidad con resoluci\u00f3n de 4 MP<\/li>\n<li>Excelente rendimiento con poca luz gracias a la tecnolog\u00eda DarkFighter<\/li>\n<li>Asegura un \u00e1rea amplia con zoom \u00f3ptico de 32\u00d7 y zoom digital de 16\u00d7<\/li>\n<li>Admite WDR, HLC, BLC, 3D DNR, antivaho, exposici\u00f3n regional, enfoque regional, enfoque r\u00e1pido<\/li>\n<li>Vista nocturna expansiva con una distancia IR de hasta 200 m<\/li>\n<li>Admite 24 VCA y Hi-PoE<\/li>\n<li>Luz estrobosc\u00f3pica activa y alarma de audio para advertir a los intrusos<\/li>\n<\/ul>\n","protected":false},"excerpt":{"rendered":"<p>Cotizar ahora<\/p>\n","protected":false},"featured_media":7047,"comment_status":"open","ping_status":"closed","template":"","meta":{"inline_featured_image":false},"product_brand":[],"product_cat":[304],"product_tag":[],"class_list":{"0":"post-6721","1":"product","2":"type-product","3":"status-publish","4":"has-post-thumbnail","6":"product_cat-camaras-ptz-ip","8":"first","9":"instock","10":"taxable","11":"shipping-taxable","12":"product-type-simple"},"aioseo_notices":[],"_links":{"self":[{"href":"https:\/\/lifeseguridad.com\/index.php?rest_route=\/wp\/v2\/product\/6721","targetHints":{"allow":["GET"]}}],"collection":[{"href":"https:\/\/lifeseguridad.com\/index.php?rest_route=\/wp\/v2\/product"}],"about":[{"href":"https:\/\/lifeseguridad.com\/index.php?rest_route=\/wp\/v2\/types\/product"}],"replies":[{"embeddable":true,"href":"https:\/\/lifeseguridad.com\/index.php?rest_route=%2Fwp%2Fv2%2Fcomments&post=6721"}],"wp:featuredmedia":[{"embeddable":true,"href":"https:\/\/lifeseguridad.com\/index.php?rest_route=\/wp\/v2\/media\/7047"}],"wp:attachment":[{"href":"https:\/\/lifeseguridad.com\/index.php?rest_route=%2Fwp%2Fv2%2Fmedia&parent=6721"}],"wp:term":[{"taxonomy":"product_brand","embeddable":true,"href":"https:\/\/lifeseguridad.com\/index.php?rest_route=%2Fwp%2Fv2%2Fproduct_brand&post=6721"},{"taxonomy":"product_cat","embeddable":true,"href":"https:\/\/lifeseguridad.com\/index.php?rest_route=%2Fwp%2Fv2%2Fproduct_cat&post=6721"},{"taxonomy":"product_tag","embeddable":true,"href":"https:\/\/lifeseguridad.com\/index.php?rest_route=%2Fwp%2Fv2%2Fproduct_tag&post=6721"}],"curies":[{"name":"wp","href":"https:\/\/api.w.org\/{rel}","templated":true}]}}