{"id":6723,"date":"2023-07-21T15:41:31","date_gmt":"2023-07-21T20:41:31","guid":{"rendered":"https:\/\/lifeseguridad.com\/?post_type=product&#038;p=6723"},"modified":"2024-01-15T12:17:04","modified_gmt":"2024-01-15T17:17:04","slug":"camara-tandemvu-ptz-ip-8-4mp-42x-darkfighter-hikvision","status":"publish","type":"product","link":"https:\/\/lifeseguridad.com\/?product=camara-tandemvu-ptz-ip-8-4mp-42x-darkfighter-hikvision","title":{"rendered":"CAMARA TANDEMVU PTZ IP 8&#8243; 4MP 42X DARKFIGHTER HIKVISION"},"content":{"rendered":"<p style=\"font-weight: 400;\"><b><strong>Domo de velocidad en red TandemVu DarkFighter de 8 pulgadas, 4 MP y 42 aumentos<\/strong><\/b><\/p>\n<ul style=\"font-weight: 400;\">\n<li>Captura un \u00e1rea grande y grandes detalles al mismo tiempo<\/li>\n<li>Im\u00e1genes de alta calidad con resoluci\u00f3n de 4 MP tanto para canal bala como para canal PTZ<\/li>\n<li>Im\u00e1genes coloridas las 24 horas del d\u00eda, los 7 d\u00edas de la semana y excelente rendimiento en condiciones de poca luz con la tecnolog\u00eda DarkFighter<\/li>\n<li>Inclinaci\u00f3n del canal tipo bala ajustable de 7\u00b0 a 17\u00b0<\/li>\n<li>Asegura un \u00e1rea amplia con zoom \u00f3ptico de 42 \u00d7 y zoom digital de 16 \u00d7<\/li>\n<li>Amplia vista nocturna con una distancia de luz blanca de hasta 30 m y una distancia IR de 300 m<\/li>\n<li>Admite funciones de aprendizaje profundo<\/li>\n<li>Resistente al agua y al polvo (IP67) y resistente al vandalismo (IK10)<\/li>\n<\/ul>\n","protected":false},"excerpt":{"rendered":"<p>Cotizar ahora<\/p>\n","protected":false},"featured_media":7628,"comment_status":"open","ping_status":"closed","template":"","meta":{"inline_featured_image":false},"product_brand":[],"product_cat":[304],"product_tag":[],"class_list":{"0":"post-6723","1":"product","2":"type-product","3":"status-publish","4":"has-post-thumbnail","6":"product_cat-camaras-ptz-ip","8":"first","9":"instock","10":"taxable","11":"shipping-taxable","12":"product-type-simple"},"aioseo_notices":[],"_links":{"self":[{"href":"https:\/\/lifeseguridad.com\/index.php?rest_route=\/wp\/v2\/product\/6723","targetHints":{"allow":["GET"]}}],"collection":[{"href":"https:\/\/lifeseguridad.com\/index.php?rest_route=\/wp\/v2\/product"}],"about":[{"href":"https:\/\/lifeseguridad.com\/index.php?rest_route=\/wp\/v2\/types\/product"}],"replies":[{"embeddable":true,"href":"https:\/\/lifeseguridad.com\/index.php?rest_route=%2Fwp%2Fv2%2Fcomments&post=6723"}],"wp:featuredmedia":[{"embeddable":true,"href":"https:\/\/lifeseguridad.com\/index.php?rest_route=\/wp\/v2\/media\/7628"}],"wp:attachment":[{"href":"https:\/\/lifeseguridad.com\/index.php?rest_route=%2Fwp%2Fv2%2Fmedia&parent=6723"}],"wp:term":[{"taxonomy":"product_brand","embeddable":true,"href":"https:\/\/lifeseguridad.com\/index.php?rest_route=%2Fwp%2Fv2%2Fproduct_brand&post=6723"},{"taxonomy":"product_cat","embeddable":true,"href":"https:\/\/lifeseguridad.com\/index.php?rest_route=%2Fwp%2Fv2%2Fproduct_cat&post=6723"},{"taxonomy":"product_tag","embeddable":true,"href":"https:\/\/lifeseguridad.com\/index.php?rest_route=%2Fwp%2Fv2%2Fproduct_tag&post=6723"}],"curies":[{"name":"wp","href":"https:\/\/api.w.org\/{rel}","templated":true}]}}