{"id":6730,"date":"2023-07-21T16:44:10","date_gmt":"2023-07-21T21:44:10","guid":{"rendered":"https:\/\/lifeseguridad.com\/?post_type=product&#038;p=6730"},"modified":"2024-01-15T12:17:05","modified_gmt":"2024-01-15T17:17:05","slug":"swith-admin-8-puertos-poe-2-puertos-1000m-hikvision","status":"publish","type":"product","link":"https:\/\/lifeseguridad.com\/?product=swith-admin-8-puertos-poe-2-puertos-1000m-hikvision","title":{"rendered":"SWITH ADMIN 8 PUERTOS POE 2 PUERTOS 1000M HIKVISION"},"content":{"rendered":"<ul>\n<li>\n<p class=\"lead\">8 puertos PoE RJ45 de 100 Mbps, combo de 2 gigabits.<\/p>\n<\/li>\n<li>\n<p class=\"lead o_default_snippet_text\">Est\u00e1ndar IEEE 802.3at \/ af para puertos PoE.<\/p>\n<\/li>\n<li>\n<p class=\"lead o_default_snippet_text\">Gesti\u00f3n de topolog\u00eda de red, env\u00edo de alarmas, monitor de estado de la red.<\/p>\n<\/li>\n<li>\n<p class=\"lead\">Protecci\u00f3n contra sobretensiones de 6 KV para puertos PoE.<\/p>\n<\/li>\n<li>\n<p class=\"lead o_default_snippet_text\">La c\u00e1mara AF \/ AT puede alcanzar hasta 300 m en modo extendido.<\/p>\n<\/li>\n<\/ul>\n","protected":false},"excerpt":{"rendered":"<p>Cotizar ahora<\/p>\n","protected":false},"featured_media":6775,"comment_status":"open","ping_status":"closed","template":"","meta":{"inline_featured_image":false},"product_brand":[],"product_cat":[232],"product_tag":[],"class_list":{"0":"post-6730","1":"product","2":"type-product","3":"status-publish","4":"has-post-thumbnail","6":"product_cat-accesorios-camaras-de-seguridad","8":"first","9":"instock","10":"taxable","11":"shipping-taxable","12":"product-type-simple"},"aioseo_notices":[],"_links":{"self":[{"href":"https:\/\/lifeseguridad.com\/index.php?rest_route=\/wp\/v2\/product\/6730","targetHints":{"allow":["GET"]}}],"collection":[{"href":"https:\/\/lifeseguridad.com\/index.php?rest_route=\/wp\/v2\/product"}],"about":[{"href":"https:\/\/lifeseguridad.com\/index.php?rest_route=\/wp\/v2\/types\/product"}],"replies":[{"embeddable":true,"href":"https:\/\/lifeseguridad.com\/index.php?rest_route=%2Fwp%2Fv2%2Fcomments&post=6730"}],"wp:featuredmedia":[{"embeddable":true,"href":"https:\/\/lifeseguridad.com\/index.php?rest_route=\/wp\/v2\/media\/6775"}],"wp:attachment":[{"href":"https:\/\/lifeseguridad.com\/index.php?rest_route=%2Fwp%2Fv2%2Fmedia&parent=6730"}],"wp:term":[{"taxonomy":"product_brand","embeddable":true,"href":"https:\/\/lifeseguridad.com\/index.php?rest_route=%2Fwp%2Fv2%2Fproduct_brand&post=6730"},{"taxonomy":"product_cat","embeddable":true,"href":"https:\/\/lifeseguridad.com\/index.php?rest_route=%2Fwp%2Fv2%2Fproduct_cat&post=6730"},{"taxonomy":"product_tag","embeddable":true,"href":"https:\/\/lifeseguridad.com\/index.php?rest_route=%2Fwp%2Fv2%2Fproduct_tag&post=6730"}],"curies":[{"name":"wp","href":"https:\/\/api.w.org\/{rel}","templated":true}]}}