{"id":6732,"date":"2023-07-21T16:46:05","date_gmt":"2023-07-21T21:46:05","guid":{"rendered":"https:\/\/lifeseguridad.com\/?post_type=product&#038;p=6732"},"modified":"2024-01-15T12:17:05","modified_gmt":"2024-01-15T17:17:05","slug":"switch-admin-16-puertos-poe-con-puertos-1000m-hikvision","status":"publish","type":"product","link":"https:\/\/lifeseguridad.com\/?product=switch-admin-16-puertos-poe-con-puertos-1000m-hikvision","title":{"rendered":"SWITCH ADMIN 16 PUERTOS POE CON PUERTOS 1000M HIKVISION"},"content":{"rendered":"<ul>\n<li>\n<p class=\"lead o_default_snippet_text\">16 puertos Gigabit PoE y 2 puertos de fibra \u00f3ptica Gigabit.<\/p>\n<\/li>\n<li>\n<p class=\"lead\">Est\u00e1ndar IEEE 802.3at\/af para puertos PoE.<\/p>\n<\/li>\n<li>\n<p class=\"lead\">Gesti\u00f3n de topolog\u00eda de red, env\u00edo de alarmas, monitor de estado de red.<\/p>\n<\/li>\n<li>\n<p class=\"lead o_default_snippet_text\">Protecci\u00f3n contra sobretensiones de 6 KV para puertos PoE.<\/p>\n<\/li>\n<li>\n<p class=\"lead o_default_snippet_text\">La c\u00e1mara AF\/AT puede alcanzar hasta 300 m en modo extendido.<\/p>\n<\/li>\n<li>\n<p class=\"lead o_default_snippet_text\">Vigilancia PoE para detectar autom\u00e1ticamente y reiniciar las c\u00e1maras que no responden.<\/p>\n<\/li>\n<li>\n<p class=\"lead\">Varios protocolos de gesti\u00f3n de capa 2, como STP\/RSTP, VLAN, agregaci\u00f3n de enlaces, SNMP, QoS, etc.<\/p>\n<\/li>\n<\/ul>\n","protected":false},"excerpt":{"rendered":"<p>Cotizar ahora<\/p>\n","protected":false},"featured_media":6777,"comment_status":"open","ping_status":"closed","template":"","meta":{"inline_featured_image":false},"product_brand":[],"product_cat":[232],"product_tag":[],"class_list":{"0":"post-6732","1":"product","2":"type-product","3":"status-publish","4":"has-post-thumbnail","6":"product_cat-accesorios-camaras-de-seguridad","8":"first","9":"instock","10":"taxable","11":"shipping-taxable","12":"product-type-simple"},"aioseo_notices":[],"_links":{"self":[{"href":"https:\/\/lifeseguridad.com\/index.php?rest_route=\/wp\/v2\/product\/6732","targetHints":{"allow":["GET"]}}],"collection":[{"href":"https:\/\/lifeseguridad.com\/index.php?rest_route=\/wp\/v2\/product"}],"about":[{"href":"https:\/\/lifeseguridad.com\/index.php?rest_route=\/wp\/v2\/types\/product"}],"replies":[{"embeddable":true,"href":"https:\/\/lifeseguridad.com\/index.php?rest_route=%2Fwp%2Fv2%2Fcomments&post=6732"}],"wp:featuredmedia":[{"embeddable":true,"href":"https:\/\/lifeseguridad.com\/index.php?rest_route=\/wp\/v2\/media\/6777"}],"wp:attachment":[{"href":"https:\/\/lifeseguridad.com\/index.php?rest_route=%2Fwp%2Fv2%2Fmedia&parent=6732"}],"wp:term":[{"taxonomy":"product_brand","embeddable":true,"href":"https:\/\/lifeseguridad.com\/index.php?rest_route=%2Fwp%2Fv2%2Fproduct_brand&post=6732"},{"taxonomy":"product_cat","embeddable":true,"href":"https:\/\/lifeseguridad.com\/index.php?rest_route=%2Fwp%2Fv2%2Fproduct_cat&post=6732"},{"taxonomy":"product_tag","embeddable":true,"href":"https:\/\/lifeseguridad.com\/index.php?rest_route=%2Fwp%2Fv2%2Fproduct_tag&post=6732"}],"curies":[{"name":"wp","href":"https:\/\/api.w.org\/{rel}","templated":true}]}}