{"id":6790,"date":"2023-07-22T12:53:06","date_gmt":"2023-07-22T17:53:06","guid":{"rendered":"https:\/\/lifeseguridad.com\/?post_type=product&#038;p=6790"},"modified":"2024-01-15T12:17:07","modified_gmt":"2024-01-15T17:17:07","slug":"detector-de-humo-inalambrico-fotoelectrico-dsc-cert-ul","status":"publish","type":"product","link":"https:\/\/lifeseguridad.com\/?product=detector-de-humo-inalambrico-fotoelectrico-dsc-cert-ul","title":{"rendered":"DETECTOR DE HUMO INALAMBRICO FOTOELECTRICO DSC CERT UL"},"content":{"rendered":"<p>Detector de humo, fotoel\u00e9ctrico, inal\u00e1mbrico, protocolo de comunicaci\u00f3n PowerG, 2.5 a 3 voltios, 433 megahercios, rango de cobertura del medidor de 50 a 100 Cu, 120 mm de longitud x 58 mm de ancho<\/p>\n<p>DSC | PG4926<\/p>\n<p>Detector de humo, fotoel\u00e9ctrico, inal\u00e1mbrico, protocolo de comunicaci\u00f3n PowerG, 2.5 a 3 voltios, 433 megahercios, rango de cobertura del medidor de 50 a 100 Cu, 120 mm de longitud x 58 mm de ancho<\/p>\n","protected":false},"excerpt":{"rendered":"<p>Cotizar ahora<\/p>\n","protected":false},"featured_media":0,"comment_status":"open","ping_status":"closed","template":"","meta":{"inline_featured_image":false},"product_brand":[],"product_cat":[188],"product_tag":[],"class_list":{"0":"post-6790","1":"product","2":"type-product","3":"status-publish","5":"product_cat-detectores-de-humo","7":"first","8":"instock","9":"taxable","10":"shipping-taxable","11":"product-type-simple"},"aioseo_notices":[],"_links":{"self":[{"href":"https:\/\/lifeseguridad.com\/index.php?rest_route=\/wp\/v2\/product\/6790","targetHints":{"allow":["GET"]}}],"collection":[{"href":"https:\/\/lifeseguridad.com\/index.php?rest_route=\/wp\/v2\/product"}],"about":[{"href":"https:\/\/lifeseguridad.com\/index.php?rest_route=\/wp\/v2\/types\/product"}],"replies":[{"embeddable":true,"href":"https:\/\/lifeseguridad.com\/index.php?rest_route=%2Fwp%2Fv2%2Fcomments&post=6790"}],"wp:attachment":[{"href":"https:\/\/lifeseguridad.com\/index.php?rest_route=%2Fwp%2Fv2%2Fmedia&parent=6790"}],"wp:term":[{"taxonomy":"product_brand","embeddable":true,"href":"https:\/\/lifeseguridad.com\/index.php?rest_route=%2Fwp%2Fv2%2Fproduct_brand&post=6790"},{"taxonomy":"product_cat","embeddable":true,"href":"https:\/\/lifeseguridad.com\/index.php?rest_route=%2Fwp%2Fv2%2Fproduct_cat&post=6790"},{"taxonomy":"product_tag","embeddable":true,"href":"https:\/\/lifeseguridad.com\/index.php?rest_route=%2Fwp%2Fv2%2Fproduct_tag&post=6790"}],"curies":[{"name":"wp","href":"https:\/\/api.w.org\/{rel}","templated":true}]}}