{"id":6810,"date":"2023-07-30T23:52:20","date_gmt":"2023-07-31T04:52:20","guid":{"rendered":"https:\/\/lifeseguridad.com\/?post_type=product&#038;p=6810"},"modified":"2024-01-15T12:17:07","modified_gmt":"2024-01-15T17:17:07","slug":"fuente-supervisada-dsc","status":"publish","type":"product","link":"https:\/\/lifeseguridad.com\/?product=fuente-supervisada-dsc","title":{"rendered":"FUENTE SUPERVISADA DSC"},"content":{"rendered":"<ul>\n<li>El HSM2204 es un m\u00f3dulo de doble funci\u00f3n: proporciona salidas programables para controlar dispositivos externos y genera m\u00e1s de 12\u00a0V 1.0\u00a0A de potencia adicional.<\/li>\n<li>Conecte hasta 4 m\u00f3dulos por sistema.<\/li>\n<li>Totalmente supervisado para falla de CA, bater\u00eda baja y fallas de AUX.<\/li>\n<\/ul>\n","protected":false},"excerpt":{"rendered":"<p>Cotizar ahora<\/p>\n","protected":false},"featured_media":6811,"comment_status":"open","ping_status":"closed","template":"","meta":{"inline_featured_image":false},"product_brand":[],"product_cat":[200],"product_tag":[],"class_list":{"0":"post-6810","1":"product","2":"type-product","3":"status-publish","4":"has-post-thumbnail","6":"product_cat-modulos","8":"first","9":"instock","10":"taxable","11":"shipping-taxable","12":"product-type-simple"},"aioseo_notices":[],"_links":{"self":[{"href":"https:\/\/lifeseguridad.com\/index.php?rest_route=\/wp\/v2\/product\/6810","targetHints":{"allow":["GET"]}}],"collection":[{"href":"https:\/\/lifeseguridad.com\/index.php?rest_route=\/wp\/v2\/product"}],"about":[{"href":"https:\/\/lifeseguridad.com\/index.php?rest_route=\/wp\/v2\/types\/product"}],"replies":[{"embeddable":true,"href":"https:\/\/lifeseguridad.com\/index.php?rest_route=%2Fwp%2Fv2%2Fcomments&post=6810"}],"wp:featuredmedia":[{"embeddable":true,"href":"https:\/\/lifeseguridad.com\/index.php?rest_route=\/wp\/v2\/media\/6811"}],"wp:attachment":[{"href":"https:\/\/lifeseguridad.com\/index.php?rest_route=%2Fwp%2Fv2%2Fmedia&parent=6810"}],"wp:term":[{"taxonomy":"product_brand","embeddable":true,"href":"https:\/\/lifeseguridad.com\/index.php?rest_route=%2Fwp%2Fv2%2Fproduct_brand&post=6810"},{"taxonomy":"product_cat","embeddable":true,"href":"https:\/\/lifeseguridad.com\/index.php?rest_route=%2Fwp%2Fv2%2Fproduct_cat&post=6810"},{"taxonomy":"product_tag","embeddable":true,"href":"https:\/\/lifeseguridad.com\/index.php?rest_route=%2Fwp%2Fv2%2Fproduct_tag&post=6810"}],"curies":[{"name":"wp","href":"https:\/\/api.w.org\/{rel}","templated":true}]}}