{"id":6915,"date":"2023-08-05T09:43:29","date_gmt":"2023-08-05T14:43:29","guid":{"rendered":"https:\/\/lifeseguridad.com\/?post_type=product&#038;p=6915"},"modified":"2024-01-15T12:17:15","modified_gmt":"2024-01-15T17:17:15","slug":"kit-de-alarma-contra-incendio-centralizado-linea-pro-con-panel-4-zonas-6-dispositivos-life-bateria","status":"publish","type":"product","link":"https:\/\/lifeseguridad.com\/?product=kit-de-alarma-contra-incendio-centralizado-linea-pro-con-panel-4-zonas-6-dispositivos-life-bateria","title":{"rendered":"KIT DE ALARMA CONTRA INCENDIO CENTRALIZADO LINEA PRO  CON PANEL 4 ZONAS + 6 DISPOSITIVOS LIFE +  BATERIA:"},"content":{"rendered":"<ul>\n<li>01 Panel de Alarmas de incendio de 4 zonas<\/li>\n<li>01 Teclado Led para ver la ubicaci\u00f3n de las alarmas incorporado en panel<\/li>\n<li>01 Bater\u00eda de respaldo 12v. 4Ah para que el sistema contin\u00fae funcionando sin problemas ante cortes de energ\u00eda<\/li>\n<li>04 Sensores de humo fotoel\u00e9ctrico o temperatura (decisi\u00f3n del cliente)<\/li>\n<li>01 Estaci\u00f3n Manual<\/li>\n<li>01 Sirena Estrobo<\/li>\n<\/ul>\n","protected":false},"excerpt":{"rendered":"<p>Cotizar ahora<\/p>\n","protected":false},"featured_media":6941,"comment_status":"open","ping_status":"closed","template":"","meta":{"inline_featured_image":false},"product_brand":[],"product_cat":[306],"product_tag":[],"class_list":{"0":"post-6915","1":"product","2":"type-product","3":"status-publish","4":"has-post-thumbnail","6":"product_cat-kit-alarma-contra-incendios","8":"first","9":"instock","10":"taxable","11":"shipping-taxable","12":"product-type-simple"},"aioseo_notices":[],"_links":{"self":[{"href":"https:\/\/lifeseguridad.com\/index.php?rest_route=\/wp\/v2\/product\/6915","targetHints":{"allow":["GET"]}}],"collection":[{"href":"https:\/\/lifeseguridad.com\/index.php?rest_route=\/wp\/v2\/product"}],"about":[{"href":"https:\/\/lifeseguridad.com\/index.php?rest_route=\/wp\/v2\/types\/product"}],"replies":[{"embeddable":true,"href":"https:\/\/lifeseguridad.com\/index.php?rest_route=%2Fwp%2Fv2%2Fcomments&post=6915"}],"wp:featuredmedia":[{"embeddable":true,"href":"https:\/\/lifeseguridad.com\/index.php?rest_route=\/wp\/v2\/media\/6941"}],"wp:attachment":[{"href":"https:\/\/lifeseguridad.com\/index.php?rest_route=%2Fwp%2Fv2%2Fmedia&parent=6915"}],"wp:term":[{"taxonomy":"product_brand","embeddable":true,"href":"https:\/\/lifeseguridad.com\/index.php?rest_route=%2Fwp%2Fv2%2Fproduct_brand&post=6915"},{"taxonomy":"product_cat","embeddable":true,"href":"https:\/\/lifeseguridad.com\/index.php?rest_route=%2Fwp%2Fv2%2Fproduct_cat&post=6915"},{"taxonomy":"product_tag","embeddable":true,"href":"https:\/\/lifeseguridad.com\/index.php?rest_route=%2Fwp%2Fv2%2Fproduct_tag&post=6915"}],"curies":[{"name":"wp","href":"https:\/\/api.w.org\/{rel}","templated":true}]}}