{"id":6923,"date":"2023-08-05T10:12:05","date_gmt":"2023-08-05T15:12:05","guid":{"rendered":"https:\/\/lifeseguridad.com\/?post_type=product&#038;p=6923"},"modified":"2024-01-15T12:17:16","modified_gmt":"2024-01-15T17:17:16","slug":"kit-de-alarma-contra-incendio-centralizado-linea-pro-con-panel-8-zonas-20-dispositivos-life-bateria","status":"publish","type":"product","link":"https:\/\/lifeseguridad.com\/?product=kit-de-alarma-contra-incendio-centralizado-linea-pro-con-panel-8-zonas-20-dispositivos-life-bateria","title":{"rendered":"KIT DE ALARMA CONTRA INCENDIO CENTRALIZADO LINEA PRO  CON PANEL 8 ZONAS + 20 DISPOSITIVOS LIFE +  BATERIA"},"content":{"rendered":"<ul>\n<li>01 Panel de Alarmas de incendio de 8 zonas<\/li>\n<li>01 Teclado Led para ver la ubicaci\u00f3n de las alarmas incorporado en panel<\/li>\n<li>01 Bater\u00eda de respaldo 12V. 4Ah para que el sistema contin\u00fae funcionando sin problemas ante cortes de energ\u00eda<\/li>\n<li>16 Sensores de humo fotoel\u00e9ctrico o temperatura (decisi\u00f3n del cliente)<\/li>\n<li>02 Estaci\u00f3n Manual<\/li>\n<li>02 Sirena Estrobo<\/li>\n<\/ul>\n","protected":false},"excerpt":{"rendered":"<p>Cotizar ahora<\/p>\n","protected":false},"featured_media":6945,"comment_status":"open","ping_status":"closed","template":"","meta":{"inline_featured_image":false},"product_brand":[],"product_cat":[306],"product_tag":[],"class_list":{"0":"post-6923","1":"product","2":"type-product","3":"status-publish","4":"has-post-thumbnail","6":"product_cat-kit-alarma-contra-incendios","8":"first","9":"instock","10":"taxable","11":"shipping-taxable","12":"product-type-simple"},"aioseo_notices":[],"_links":{"self":[{"href":"https:\/\/lifeseguridad.com\/index.php?rest_route=\/wp\/v2\/product\/6923","targetHints":{"allow":["GET"]}}],"collection":[{"href":"https:\/\/lifeseguridad.com\/index.php?rest_route=\/wp\/v2\/product"}],"about":[{"href":"https:\/\/lifeseguridad.com\/index.php?rest_route=\/wp\/v2\/types\/product"}],"replies":[{"embeddable":true,"href":"https:\/\/lifeseguridad.com\/index.php?rest_route=%2Fwp%2Fv2%2Fcomments&post=6923"}],"wp:featuredmedia":[{"embeddable":true,"href":"https:\/\/lifeseguridad.com\/index.php?rest_route=\/wp\/v2\/media\/6945"}],"wp:attachment":[{"href":"https:\/\/lifeseguridad.com\/index.php?rest_route=%2Fwp%2Fv2%2Fmedia&parent=6923"}],"wp:term":[{"taxonomy":"product_brand","embeddable":true,"href":"https:\/\/lifeseguridad.com\/index.php?rest_route=%2Fwp%2Fv2%2Fproduct_brand&post=6923"},{"taxonomy":"product_cat","embeddable":true,"href":"https:\/\/lifeseguridad.com\/index.php?rest_route=%2Fwp%2Fv2%2Fproduct_cat&post=6923"},{"taxonomy":"product_tag","embeddable":true,"href":"https:\/\/lifeseguridad.com\/index.php?rest_route=%2Fwp%2Fv2%2Fproduct_tag&post=6923"}],"curies":[{"name":"wp","href":"https:\/\/api.w.org\/{rel}","templated":true}]}}